{"id":1115,"date":"2023-07-31T03:02:16","date_gmt":"2023-07-31T03:02:16","guid":{"rendered":"https:\/\/casadelllibre.anamarnatural.com\/index.php\/producto\/aprende-ingles-leyendo-escuchando-y-practicando-mas-de-100-historias-en-ingles-con-una-lista-de-vocabulario-traducida-al-espanol\/"},"modified":"2024-09-06T14:03:07","modified_gmt":"2024-09-06T14:03:07","slug":"aprende-ingles-leyendo-escuchando-y-practicando-mas-de-100-historias-en-ingles-con-una-lista-de-vocabulario-traducida-al-espanol","status":"publish","type":"product","link":"https:\/\/casadelllibre.anamarnatural.com\/index.php\/producto\/aprende-ingles-leyendo-escuchando-y-practicando-mas-de-100-historias-en-ingles-con-una-lista-de-vocabulario-traducida-al-espanol\/","title":{"rendered":"Aprende ingl\u00e9s- leyendo, escuchando y practicando:: M\u00e1s de 100 historias en ingl\u00e9s con una lista de vocabulario traducida al espa\u00f1ol."},"content":{"rendered":"","protected":false},"excerpt":{"rendered":"","protected":false},"featured_media":1114,"comment_status":"open","ping_status":"closed","template":"","meta":[],"product_brand":[],"product_cat":[15],"product_tag":[],"class_list":{"0":"post-1115","1":"product","2":"type-product","3":"status-publish","4":"has-post-thumbnail","6":"product_cat-sin-categorizar","8":"first","9":"instock","10":"taxable","11":"shipping-taxable","12":"product-type-external"},"jetpack_sharing_enabled":true,"_links":{"self":[{"href":"https:\/\/casadelllibre.anamarnatural.com\/index.php\/wp-json\/wp\/v2\/product\/1115","targetHints":{"allow":["GET"]}}],"collection":[{"href":"https:\/\/casadelllibre.anamarnatural.com\/index.php\/wp-json\/wp\/v2\/product"}],"about":[{"href":"https:\/\/casadelllibre.anamarnatural.com\/index.php\/wp-json\/wp\/v2\/types\/product"}],"replies":[{"embeddable":true,"href":"https:\/\/casadelllibre.anamarnatural.com\/index.php\/wp-json\/wp\/v2\/comments?post=1115"}],"wp:featuredmedia":[{"embeddable":true,"href":"https:\/\/casadelllibre.anamarnatural.com\/index.php\/wp-json\/wp\/v2\/media\/1114"}],"wp:attachment":[{"href":"https:\/\/casadelllibre.anamarnatural.com\/index.php\/wp-json\/wp\/v2\/media?parent=1115"}],"wp:term":[{"taxonomy":"product_brand","embeddable":true,"href":"https:\/\/casadelllibre.anamarnatural.com\/index.php\/wp-json\/wp\/v2\/product_brand?post=1115"},{"taxonomy":"product_cat","embeddable":true,"href":"https:\/\/casadelllibre.anamarnatural.com\/index.php\/wp-json\/wp\/v2\/product_cat?post=1115"},{"taxonomy":"product_tag","embeddable":true,"href":"https:\/\/casadelllibre.anamarnatural.com\/index.php\/wp-json\/wp\/v2\/product_tag?post=1115"}],"curies":[{"name":"wp","href":"https:\/\/api.w.org\/{rel}","templated":true}]}}