{"id":1127,"date":"2023-08-01T00:04:31","date_gmt":"2023-08-01T00:04:31","guid":{"rendered":"https:\/\/casadelllibre.anamarnatural.com\/index.php\/producto\/pentagrama-escolar-vol-4-educacio-primaria-cicle-mitja-llibre-en-catala-libro-del-alumno-incluye-cd-incluye-cuaderno-de-ejercicios-reg-b-3527\/"},"modified":"2025-06-04T00:00:39","modified_gmt":"2025-06-04T00:00:39","slug":"pentagrama-escolar-vol-4-educacio-primaria-cicle-mitja-llibre-en-catala-libro-del-alumno-incluye-cd-incluye-cuaderno-de-ejercicios-reg-b-3527","status":"publish","type":"product","link":"https:\/\/casadelllibre.anamarnatural.com\/index.php\/producto\/pentagrama-escolar-vol-4-educacio-primaria-cicle-mitja-llibre-en-catala-libro-del-alumno-incluye-cd-incluye-cuaderno-de-ejercicios-reg-b-3527\/","title":{"rendered":"PENTAGRAMA ESCOLAR | Vol. 4 Educaci\u00f3 Prim\u00e0ria | Cicle mitj\u00e0 | Llibre en Catal\u00e0 | Libro del alumno | Incluye CD | Incluye cuaderno de ejercicios (Reg. B.3527)"},"content":{"rendered":"","protected":false},"excerpt":{"rendered":"","protected":false},"featured_media":1126,"comment_status":"open","ping_status":"closed","template":"","meta":[],"product_brand":[],"product_cat":[15],"product_tag":[],"class_list":{"0":"post-1127","1":"product","2":"type-product","3":"status-publish","4":"has-post-thumbnail","6":"product_cat-sin-categorizar","8":"first","9":"instock","10":"taxable","11":"shipping-taxable","12":"product-type-external"},"jetpack_sharing_enabled":true,"_links":{"self":[{"href":"https:\/\/casadelllibre.anamarnatural.com\/index.php\/wp-json\/wp\/v2\/product\/1127","targetHints":{"allow":["GET"]}}],"collection":[{"href":"https:\/\/casadelllibre.anamarnatural.com\/index.php\/wp-json\/wp\/v2\/product"}],"about":[{"href":"https:\/\/casadelllibre.anamarnatural.com\/index.php\/wp-json\/wp\/v2\/types\/product"}],"replies":[{"embeddable":true,"href":"https:\/\/casadelllibre.anamarnatural.com\/index.php\/wp-json\/wp\/v2\/comments?post=1127"}],"wp:featuredmedia":[{"embeddable":true,"href":"https:\/\/casadelllibre.anamarnatural.com\/index.php\/wp-json\/wp\/v2\/media\/1126"}],"wp:attachment":[{"href":"https:\/\/casadelllibre.anamarnatural.com\/index.php\/wp-json\/wp\/v2\/media?parent=1127"}],"wp:term":[{"taxonomy":"product_brand","embeddable":true,"href":"https:\/\/casadelllibre.anamarnatural.com\/index.php\/wp-json\/wp\/v2\/product_brand?post=1127"},{"taxonomy":"product_cat","embeddable":true,"href":"https:\/\/casadelllibre.anamarnatural.com\/index.php\/wp-json\/wp\/v2\/product_cat?post=1127"},{"taxonomy":"product_tag","embeddable":true,"href":"https:\/\/casadelllibre.anamarnatural.com\/index.php\/wp-json\/wp\/v2\/product_tag?post=1127"}],"curies":[{"name":"wp","href":"https:\/\/api.w.org\/{rel}","templated":true}]}}