{"id":1155,"date":"2023-08-07T17:01:51","date_gmt":"2023-08-07T17:01:51","guid":{"rendered":"https:\/\/casadelllibre.anamarnatural.com\/index.php\/producto\/naciste-para-brillar-inspirador-libro-infatil-para-potenciar-la-autoestima-de-las-ninas-perfecto-para-ninas-a-partir-de-6-anos-libros-motivacionales-para-ninos-y-ninas-no-1\/"},"modified":"2023-11-06T20:04:26","modified_gmt":"2023-11-06T20:04:26","slug":"naciste-para-brillar-inspirador-libro-infatil-para-potenciar-la-autoestima-de-las-ninas-perfecto-para-ninas-a-partir-de-6-anos-libros-motivacionales-para-ninos-y-ninas-no-1","status":"publish","type":"product","link":"https:\/\/casadelllibre.anamarnatural.com\/index.php\/producto\/naciste-para-brillar-inspirador-libro-infatil-para-potenciar-la-autoestima-de-las-ninas-perfecto-para-ninas-a-partir-de-6-anos-libros-motivacionales-para-ninos-y-ninas-no-1\/","title":{"rendered":"Naciste para brillar: Inspirador libro infatil para potenciar la autoestima de las ni\u00f1as. Perfecto para ni\u00f1as a partir de 6 a\u00f1os. (Libros motivacionales para ni\u00f1os y ni\u00f1as n\u00ba 1)"},"content":{"rendered":"","protected":false},"excerpt":{"rendered":"","protected":false},"featured_media":1154,"comment_status":"open","ping_status":"closed","template":"","meta":[],"product_brand":[],"product_cat":[15],"product_tag":[],"class_list":{"0":"post-1155","1":"product","2":"type-product","3":"status-publish","4":"has-post-thumbnail","6":"product_cat-sin-categorizar","8":"first","9":"instock","10":"taxable","11":"shipping-taxable","12":"product-type-external"},"jetpack_sharing_enabled":true,"_links":{"self":[{"href":"https:\/\/casadelllibre.anamarnatural.com\/index.php\/wp-json\/wp\/v2\/product\/1155","targetHints":{"allow":["GET"]}}],"collection":[{"href":"https:\/\/casadelllibre.anamarnatural.com\/index.php\/wp-json\/wp\/v2\/product"}],"about":[{"href":"https:\/\/casadelllibre.anamarnatural.com\/index.php\/wp-json\/wp\/v2\/types\/product"}],"replies":[{"embeddable":true,"href":"https:\/\/casadelllibre.anamarnatural.com\/index.php\/wp-json\/wp\/v2\/comments?post=1155"}],"wp:featuredmedia":[{"embeddable":true,"href":"https:\/\/casadelllibre.anamarnatural.com\/index.php\/wp-json\/wp\/v2\/media\/1154"}],"wp:attachment":[{"href":"https:\/\/casadelllibre.anamarnatural.com\/index.php\/wp-json\/wp\/v2\/media?parent=1155"}],"wp:term":[{"taxonomy":"product_brand","embeddable":true,"href":"https:\/\/casadelllibre.anamarnatural.com\/index.php\/wp-json\/wp\/v2\/product_brand?post=1155"},{"taxonomy":"product_cat","embeddable":true,"href":"https:\/\/casadelllibre.anamarnatural.com\/index.php\/wp-json\/wp\/v2\/product_cat?post=1155"},{"taxonomy":"product_tag","embeddable":true,"href":"https:\/\/casadelllibre.anamarnatural.com\/index.php\/wp-json\/wp\/v2\/product_tag?post=1155"}],"curies":[{"name":"wp","href":"https:\/\/api.w.org\/{rel}","templated":true}]}}