{"id":120,"date":"2023-04-21T17:14:11","date_gmt":"2023-04-21T17:14:11","guid":{"rendered":"https:\/\/casadelllibre.anamarnatural.com\/index.php\/producto\/366-preguntes-i-respostes-molt-curioses-per-entendre-millor-el-mon-que-tenvolta-catala-a-partir-de-8-anys-llibres-didactics\/"},"modified":"2025-06-03T21:00:41","modified_gmt":"2025-06-03T21:00:41","slug":"366-preguntes-i-respostes-molt-curioses-per-entendre-millor-el-mon-que-tenvolta-catala-a-partir-de-8-anys-llibres-didactics","status":"publish","type":"product","link":"https:\/\/casadelllibre.anamarnatural.com\/index.php\/producto\/366-preguntes-i-respostes-molt-curioses-per-entendre-millor-el-mon-que-tenvolta-catala-a-partir-de-8-anys-llibres-didactics\/","title":{"rendered":"366 preguntes i respostes molt curioses. Per entendre millor el m\u00f3n que t&#8217;envolta! (Catal\u00e1 &#8211; A PARTIR DE 8 ANYS &#8211; LLIBRES DID\u00c0CTICS)"},"content":{"rendered":"","protected":false},"excerpt":{"rendered":"","protected":false},"featured_media":119,"comment_status":"open","ping_status":"closed","template":"","meta":[],"product_brand":[],"product_cat":[2091,15,2092],"product_tag":[],"class_list":{"0":"post-120","1":"product","2":"type-product","3":"status-publish","4":"has-post-thumbnail","6":"product_cat-juvenils","7":"product_cat-sin-categorizar","8":"product_cat-llibres","10":"first","11":"instock","12":"taxable","13":"shipping-taxable","14":"product-type-external"},"jetpack_sharing_enabled":true,"_links":{"self":[{"href":"https:\/\/casadelllibre.anamarnatural.com\/index.php\/wp-json\/wp\/v2\/product\/120","targetHints":{"allow":["GET"]}}],"collection":[{"href":"https:\/\/casadelllibre.anamarnatural.com\/index.php\/wp-json\/wp\/v2\/product"}],"about":[{"href":"https:\/\/casadelllibre.anamarnatural.com\/index.php\/wp-json\/wp\/v2\/types\/product"}],"replies":[{"embeddable":true,"href":"https:\/\/casadelllibre.anamarnatural.com\/index.php\/wp-json\/wp\/v2\/comments?post=120"}],"wp:featuredmedia":[{"embeddable":true,"href":"https:\/\/casadelllibre.anamarnatural.com\/index.php\/wp-json\/wp\/v2\/media\/119"}],"wp:attachment":[{"href":"https:\/\/casadelllibre.anamarnatural.com\/index.php\/wp-json\/wp\/v2\/media?parent=120"}],"wp:term":[{"taxonomy":"product_brand","embeddable":true,"href":"https:\/\/casadelllibre.anamarnatural.com\/index.php\/wp-json\/wp\/v2\/product_brand?post=120"},{"taxonomy":"product_cat","embeddable":true,"href":"https:\/\/casadelllibre.anamarnatural.com\/index.php\/wp-json\/wp\/v2\/product_cat?post=120"},{"taxonomy":"product_tag","embeddable":true,"href":"https:\/\/casadelllibre.anamarnatural.com\/index.php\/wp-json\/wp\/v2\/product_tag?post=120"}],"curies":[{"name":"wp","href":"https:\/\/api.w.org\/{rel}","templated":true}]}}