{"id":1490,"date":"2023-10-19T00:04:33","date_gmt":"2023-10-19T00:04:33","guid":{"rendered":"https:\/\/casadelllibre.anamarnatural.com\/index.php\/producto\/escriptura-07-rubio-catala-recapitulacio-e-iniciacio-a-les-majuscules-5-anys\/"},"modified":"2025-06-03T11:00:39","modified_gmt":"2025-06-03T11:00:39","slug":"escriptura-07-rubio-catala-recapitulacio-e-iniciacio-a-les-majuscules-5-anys","status":"publish","type":"product","link":"https:\/\/casadelllibre.anamarnatural.com\/index.php\/producto\/escriptura-07-rubio-catala-recapitulacio-e-iniciacio-a-les-majuscules-5-anys\/","title":{"rendered":"Escriptura 07 RUBIO Catal\u00e0 | Recapitulaci\u00f3 e iniciaci\u00f3 a les maj\u00fascules +5 anys"},"content":{"rendered":"<p>&#8211; Marca : Rubio<br \/>\n&#8211; Tipo : caligraf\u00edas<br \/>\n&#8211; Tipo : caligraf\u00edas<\/p>\n","protected":false},"excerpt":{"rendered":"<p>&#8211; Marca : Rubio &#8211; Tipo : caligraf\u00edas &#8211; Tipo : caligraf\u00edas<\/p>\n","protected":false},"featured_media":1489,"comment_status":"open","ping_status":"closed","template":"","meta":[],"product_brand":[],"product_cat":[15],"product_tag":[],"class_list":{"0":"post-1490","1":"product","2":"type-product","3":"status-publish","4":"has-post-thumbnail","6":"product_cat-sin-categorizar","8":"first","9":"instock","10":"sale","11":"taxable","12":"shipping-taxable","13":"product-type-external"},"jetpack_sharing_enabled":true,"_links":{"self":[{"href":"https:\/\/casadelllibre.anamarnatural.com\/index.php\/wp-json\/wp\/v2\/product\/1490","targetHints":{"allow":["GET"]}}],"collection":[{"href":"https:\/\/casadelllibre.anamarnatural.com\/index.php\/wp-json\/wp\/v2\/product"}],"about":[{"href":"https:\/\/casadelllibre.anamarnatural.com\/index.php\/wp-json\/wp\/v2\/types\/product"}],"replies":[{"embeddable":true,"href":"https:\/\/casadelllibre.anamarnatural.com\/index.php\/wp-json\/wp\/v2\/comments?post=1490"}],"wp:featuredmedia":[{"embeddable":true,"href":"https:\/\/casadelllibre.anamarnatural.com\/index.php\/wp-json\/wp\/v2\/media\/1489"}],"wp:attachment":[{"href":"https:\/\/casadelllibre.anamarnatural.com\/index.php\/wp-json\/wp\/v2\/media?parent=1490"}],"wp:term":[{"taxonomy":"product_brand","embeddable":true,"href":"https:\/\/casadelllibre.anamarnatural.com\/index.php\/wp-json\/wp\/v2\/product_brand?post=1490"},{"taxonomy":"product_cat","embeddable":true,"href":"https:\/\/casadelllibre.anamarnatural.com\/index.php\/wp-json\/wp\/v2\/product_cat?post=1490"},{"taxonomy":"product_tag","embeddable":true,"href":"https:\/\/casadelllibre.anamarnatural.com\/index.php\/wp-json\/wp\/v2\/product_tag?post=1490"}],"curies":[{"name":"wp","href":"https:\/\/api.w.org\/{rel}","templated":true}]}}