{"id":1492,"date":"2023-10-19T02:04:09","date_gmt":"2023-10-19T02:04:09","guid":{"rendered":"https:\/\/casadelllibre.anamarnatural.com\/index.php\/producto\/nomes-els-mafiosos-van-en-xandall-a-loficina-un-roadbook-sobre-la-paternitat-amb-humor-surrealisme-ciencia-ficcio-i-molta-realitat-la-trilogia-de-j-catalan-edition\/"},"modified":"2025-06-03T13:00:42","modified_gmt":"2025-06-03T13:00:42","slug":"nomes-els-mafiosos-van-en-xandall-a-loficina-un-roadbook-sobre-la-paternitat-amb-humor-surrealisme-ciencia-ficcio-i-molta-realitat-la-trilogia-de-j-catalan-edition","status":"publish","type":"product","link":"https:\/\/casadelllibre.anamarnatural.com\/index.php\/producto\/nomes-els-mafiosos-van-en-xandall-a-loficina-un-roadbook-sobre-la-paternitat-amb-humor-surrealisme-ciencia-ficcio-i-molta-realitat-la-trilogia-de-j-catalan-edition\/","title":{"rendered":"NOM\u00c9S ELS MAFIOSOS VAN EN XANDALL A L&#8217;OFICINA: Un roadbook sobre la paternitat, amb humor, surrealisme, ci\u00e8ncia ficci\u00f3&#8230; I molta realitat! (La Trilogia de J.) (Catalan Edition)"},"content":{"rendered":"","protected":false},"excerpt":{"rendered":"","protected":false},"featured_media":1491,"comment_status":"open","ping_status":"closed","template":"","meta":[],"product_brand":[],"product_cat":[15],"product_tag":[],"class_list":{"0":"post-1492","1":"product","2":"type-product","3":"status-publish","4":"has-post-thumbnail","6":"product_cat-sin-categorizar","8":"first","9":"instock","10":"taxable","11":"shipping-taxable","12":"product-type-external"},"jetpack_sharing_enabled":true,"_links":{"self":[{"href":"https:\/\/casadelllibre.anamarnatural.com\/index.php\/wp-json\/wp\/v2\/product\/1492","targetHints":{"allow":["GET"]}}],"collection":[{"href":"https:\/\/casadelllibre.anamarnatural.com\/index.php\/wp-json\/wp\/v2\/product"}],"about":[{"href":"https:\/\/casadelllibre.anamarnatural.com\/index.php\/wp-json\/wp\/v2\/types\/product"}],"replies":[{"embeddable":true,"href":"https:\/\/casadelllibre.anamarnatural.com\/index.php\/wp-json\/wp\/v2\/comments?post=1492"}],"wp:featuredmedia":[{"embeddable":true,"href":"https:\/\/casadelllibre.anamarnatural.com\/index.php\/wp-json\/wp\/v2\/media\/1491"}],"wp:attachment":[{"href":"https:\/\/casadelllibre.anamarnatural.com\/index.php\/wp-json\/wp\/v2\/media?parent=1492"}],"wp:term":[{"taxonomy":"product_brand","embeddable":true,"href":"https:\/\/casadelllibre.anamarnatural.com\/index.php\/wp-json\/wp\/v2\/product_brand?post=1492"},{"taxonomy":"product_cat","embeddable":true,"href":"https:\/\/casadelllibre.anamarnatural.com\/index.php\/wp-json\/wp\/v2\/product_cat?post=1492"},{"taxonomy":"product_tag","embeddable":true,"href":"https:\/\/casadelllibre.anamarnatural.com\/index.php\/wp-json\/wp\/v2\/product_tag?post=1492"}],"curies":[{"name":"wp","href":"https:\/\/api.w.org\/{rel}","templated":true}]}}