{"id":1508,"date":"2023-10-23T22:05:14","date_gmt":"2023-10-23T22:05:14","guid":{"rendered":"https:\/\/casadelllibre.anamarnatural.com\/index.php\/producto\/el-viaje-de-elrod-una-epica-aventura-vive-la-intriga-siente-la-magia-descubre-su-historia-libro-infantil-y-juvenil-de-ciencia-ficcion-y-fantasia-en-espanol-una-epica-aventura\/"},"modified":"2024-09-06T22:02:30","modified_gmt":"2024-09-06T22:02:30","slug":"el-viaje-de-elrod-una-epica-aventura-vive-la-intriga-siente-la-magia-descubre-su-historia-libro-infantil-y-juvenil-de-ciencia-ficcion-y-fantasia-en-espanol-una-epica-aventura","status":"publish","type":"product","link":"https:\/\/casadelllibre.anamarnatural.com\/index.php\/producto\/el-viaje-de-elrod-una-epica-aventura-vive-la-intriga-siente-la-magia-descubre-su-historia-libro-infantil-y-juvenil-de-ciencia-ficcion-y-fantasia-en-espanol-una-epica-aventura\/","title":{"rendered":"EL VIAJE DE ELROD. Una \u00e9pica aventura. Vive la intriga, siente la magia, descubre su historia&#8230; Libro infantil y juvenil de ciencia ficci\u00f3n y fantas\u00eda en espa\u00f1ol: Una \u00e9pica aventura"},"content":{"rendered":"","protected":false},"excerpt":{"rendered":"","protected":false},"featured_media":1507,"comment_status":"open","ping_status":"closed","template":"","meta":[],"product_brand":[],"product_cat":[15],"product_tag":[],"class_list":{"0":"post-1508","1":"product","2":"type-product","3":"status-publish","4":"has-post-thumbnail","6":"product_cat-sin-categorizar","8":"first","9":"instock","10":"taxable","11":"shipping-taxable","12":"product-type-external"},"jetpack_sharing_enabled":true,"_links":{"self":[{"href":"https:\/\/casadelllibre.anamarnatural.com\/index.php\/wp-json\/wp\/v2\/product\/1508","targetHints":{"allow":["GET"]}}],"collection":[{"href":"https:\/\/casadelllibre.anamarnatural.com\/index.php\/wp-json\/wp\/v2\/product"}],"about":[{"href":"https:\/\/casadelllibre.anamarnatural.com\/index.php\/wp-json\/wp\/v2\/types\/product"}],"replies":[{"embeddable":true,"href":"https:\/\/casadelllibre.anamarnatural.com\/index.php\/wp-json\/wp\/v2\/comments?post=1508"}],"wp:featuredmedia":[{"embeddable":true,"href":"https:\/\/casadelllibre.anamarnatural.com\/index.php\/wp-json\/wp\/v2\/media\/1507"}],"wp:attachment":[{"href":"https:\/\/casadelllibre.anamarnatural.com\/index.php\/wp-json\/wp\/v2\/media?parent=1508"}],"wp:term":[{"taxonomy":"product_brand","embeddable":true,"href":"https:\/\/casadelllibre.anamarnatural.com\/index.php\/wp-json\/wp\/v2\/product_brand?post=1508"},{"taxonomy":"product_cat","embeddable":true,"href":"https:\/\/casadelllibre.anamarnatural.com\/index.php\/wp-json\/wp\/v2\/product_cat?post=1508"},{"taxonomy":"product_tag","embeddable":true,"href":"https:\/\/casadelllibre.anamarnatural.com\/index.php\/wp-json\/wp\/v2\/product_tag?post=1508"}],"curies":[{"name":"wp","href":"https:\/\/api.w.org\/{rel}","templated":true}]}}