{"id":153,"date":"2023-04-22T12:00:20","date_gmt":"2023-04-22T12:00:20","guid":{"rendered":"https:\/\/casadelllibre.anamarnatural.com\/index.php\/producto\/scherzando-vol-1-metode-creatiu-i-dinamic-de-piano-llibre-en-catala-b-4000-piano-para-ninos-curso-de-piano-para-principiantes-adultos-metodo-de-piano-contiene-cd-y-audios-online-2\/"},"modified":"2025-06-04T06:00:34","modified_gmt":"2025-06-04T06:00:34","slug":"scherzando-vol-1-metode-creatiu-i-dinamic-de-piano-llibre-en-catala-b-4000-piano-para-ninos-curso-de-piano-para-principiantes-adultos-metodo-de-piano-contiene-cd-y-audios-online-2","status":"publish","type":"product","link":"https:\/\/casadelllibre.anamarnatural.com\/index.php\/producto\/scherzando-vol-1-metode-creatiu-i-dinamic-de-piano-llibre-en-catala-b-4000-piano-para-ninos-curso-de-piano-para-principiantes-adultos-metodo-de-piano-contiene-cd-y-audios-online-2\/","title":{"rendered":"SCHERZANDO vol. 1 | M\u00e8tode creatiu i din\u00e0mic de piano | Llibre en catal\u00e0 (B.4000) | piano para ni\u00f1os | curso de piano para principiantes adultos | m\u00e9todo de piano | Contiene CD y audios online: 2"},"content":{"rendered":"","protected":false},"excerpt":{"rendered":"","protected":false},"featured_media":152,"comment_status":"open","ping_status":"closed","template":"","meta":[],"product_brand":[],"product_cat":[15],"product_tag":[],"class_list":{"0":"post-153","1":"product","2":"type-product","3":"status-publish","4":"has-post-thumbnail","6":"product_cat-sin-categorizar","8":"first","9":"instock","10":"taxable","11":"shipping-taxable","12":"product-type-external"},"jetpack_sharing_enabled":true,"_links":{"self":[{"href":"https:\/\/casadelllibre.anamarnatural.com\/index.php\/wp-json\/wp\/v2\/product\/153","targetHints":{"allow":["GET"]}}],"collection":[{"href":"https:\/\/casadelllibre.anamarnatural.com\/index.php\/wp-json\/wp\/v2\/product"}],"about":[{"href":"https:\/\/casadelllibre.anamarnatural.com\/index.php\/wp-json\/wp\/v2\/types\/product"}],"replies":[{"embeddable":true,"href":"https:\/\/casadelllibre.anamarnatural.com\/index.php\/wp-json\/wp\/v2\/comments?post=153"}],"wp:featuredmedia":[{"embeddable":true,"href":"https:\/\/casadelllibre.anamarnatural.com\/index.php\/wp-json\/wp\/v2\/media\/152"}],"wp:attachment":[{"href":"https:\/\/casadelllibre.anamarnatural.com\/index.php\/wp-json\/wp\/v2\/media?parent=153"}],"wp:term":[{"taxonomy":"product_brand","embeddable":true,"href":"https:\/\/casadelllibre.anamarnatural.com\/index.php\/wp-json\/wp\/v2\/product_brand?post=153"},{"taxonomy":"product_cat","embeddable":true,"href":"https:\/\/casadelllibre.anamarnatural.com\/index.php\/wp-json\/wp\/v2\/product_cat?post=153"},{"taxonomy":"product_tag","embeddable":true,"href":"https:\/\/casadelllibre.anamarnatural.com\/index.php\/wp-json\/wp\/v2\/product_tag?post=153"}],"curies":[{"name":"wp","href":"https:\/\/api.w.org\/{rel}","templated":true}]}}