{"id":1536,"date":"2023-11-16T07:03:54","date_gmt":"2023-11-16T07:03:54","guid":{"rendered":"https:\/\/casadelllibre.anamarnatural.com\/index.php\/producto\/mots-encreuats-infantils-passatemps-en-catala-per-nens-de-9-a-12-anys-jocs-de-paraules-educatius-per-aprendre-jugant-per-4rt-5e-i-6e-de-primaria\/"},"modified":"2023-11-16T07:03:54","modified_gmt":"2023-11-16T07:03:54","slug":"mots-encreuats-infantils-passatemps-en-catala-per-nens-de-9-a-12-anys-jocs-de-paraules-educatius-per-aprendre-jugant-per-4rt-5e-i-6e-de-primaria","status":"publish","type":"product","link":"https:\/\/casadelllibre.anamarnatural.com\/index.php\/producto\/mots-encreuats-infantils-passatemps-en-catala-per-nens-de-9-a-12-anys-jocs-de-paraules-educatius-per-aprendre-jugant-per-4rt-5e-i-6e-de-primaria\/","title":{"rendered":"Mots Encreuats Infantils: Passatemps en Catal\u00e0 Per Nens de 9 a 12 Anys. Jocs de Paraules Educatius Per Aprendre Jugant Per 4rt, 5\u00e8 i 6\u00e8 de Prim\u00e0ria."},"content":{"rendered":"","protected":false},"excerpt":{"rendered":"","protected":false},"featured_media":1535,"comment_status":"open","ping_status":"closed","template":"","meta":[],"product_brand":[],"product_cat":[15],"product_tag":[],"class_list":{"0":"post-1536","1":"product","2":"type-product","3":"status-publish","4":"has-post-thumbnail","6":"product_cat-sin-categorizar","8":"first","9":"instock","10":"taxable","11":"shipping-taxable","12":"product-type-external"},"jetpack_sharing_enabled":true,"_links":{"self":[{"href":"https:\/\/casadelllibre.anamarnatural.com\/index.php\/wp-json\/wp\/v2\/product\/1536","targetHints":{"allow":["GET"]}}],"collection":[{"href":"https:\/\/casadelllibre.anamarnatural.com\/index.php\/wp-json\/wp\/v2\/product"}],"about":[{"href":"https:\/\/casadelllibre.anamarnatural.com\/index.php\/wp-json\/wp\/v2\/types\/product"}],"replies":[{"embeddable":true,"href":"https:\/\/casadelllibre.anamarnatural.com\/index.php\/wp-json\/wp\/v2\/comments?post=1536"}],"wp:featuredmedia":[{"embeddable":true,"href":"https:\/\/casadelllibre.anamarnatural.com\/index.php\/wp-json\/wp\/v2\/media\/1535"}],"wp:attachment":[{"href":"https:\/\/casadelllibre.anamarnatural.com\/index.php\/wp-json\/wp\/v2\/media?parent=1536"}],"wp:term":[{"taxonomy":"product_brand","embeddable":true,"href":"https:\/\/casadelllibre.anamarnatural.com\/index.php\/wp-json\/wp\/v2\/product_brand?post=1536"},{"taxonomy":"product_cat","embeddable":true,"href":"https:\/\/casadelllibre.anamarnatural.com\/index.php\/wp-json\/wp\/v2\/product_cat?post=1536"},{"taxonomy":"product_tag","embeddable":true,"href":"https:\/\/casadelllibre.anamarnatural.com\/index.php\/wp-json\/wp\/v2\/product_tag?post=1536"}],"curies":[{"name":"wp","href":"https:\/\/api.w.org\/{rel}","templated":true}]}}