{"id":1558,"date":"2023-11-20T18:03:20","date_gmt":"2023-11-20T18:03:20","guid":{"rendered":"https:\/\/casadelllibre.anamarnatural.com\/index.php\/producto\/llibres-bilingues-per-a-nens-en-catala-i-angles-el-tresor-del-pirata-children-bilingual-books-catalan-english-the-pirate-treasure-4-6-years-old-learn-languages\/"},"modified":"2023-11-20T18:03:20","modified_gmt":"2023-11-20T18:03:20","slug":"llibres-bilingues-per-a-nens-en-catala-i-angles-el-tresor-del-pirata-children-bilingual-books-catalan-english-the-pirate-treasure-4-6-years-old-learn-languages","status":"publish","type":"product","link":"https:\/\/casadelllibre.anamarnatural.com\/index.php\/producto\/llibres-bilingues-per-a-nens-en-catala-i-angles-el-tresor-del-pirata-children-bilingual-books-catalan-english-the-pirate-treasure-4-6-years-old-learn-languages\/","title":{"rendered":"LLIBRES BILING\u00dcES PER A NENS EN CATAL\u00c0 I ANGL\u00c8S \u2013 EL TRESOR DEL PIRATA: Children bilingual books \u2013 Catalan\/English \u2013 The Pirate Treasure \u2013 4-6 years old learn languages (Catalan Edition)"},"content":{"rendered":"","protected":false},"excerpt":{"rendered":"","protected":false},"featured_media":1557,"comment_status":"open","ping_status":"closed","template":"","meta":[],"product_brand":[],"product_cat":[15],"product_tag":[],"class_list":{"0":"post-1558","1":"product","2":"type-product","3":"status-publish","4":"has-post-thumbnail","6":"product_cat-sin-categorizar","8":"first","9":"instock","10":"taxable","11":"shipping-taxable","12":"product-type-external"},"jetpack_sharing_enabled":true,"_links":{"self":[{"href":"https:\/\/casadelllibre.anamarnatural.com\/index.php\/wp-json\/wp\/v2\/product\/1558","targetHints":{"allow":["GET"]}}],"collection":[{"href":"https:\/\/casadelllibre.anamarnatural.com\/index.php\/wp-json\/wp\/v2\/product"}],"about":[{"href":"https:\/\/casadelllibre.anamarnatural.com\/index.php\/wp-json\/wp\/v2\/types\/product"}],"replies":[{"embeddable":true,"href":"https:\/\/casadelllibre.anamarnatural.com\/index.php\/wp-json\/wp\/v2\/comments?post=1558"}],"wp:featuredmedia":[{"embeddable":true,"href":"https:\/\/casadelllibre.anamarnatural.com\/index.php\/wp-json\/wp\/v2\/media\/1557"}],"wp:attachment":[{"href":"https:\/\/casadelllibre.anamarnatural.com\/index.php\/wp-json\/wp\/v2\/media?parent=1558"}],"wp:term":[{"taxonomy":"product_brand","embeddable":true,"href":"https:\/\/casadelllibre.anamarnatural.com\/index.php\/wp-json\/wp\/v2\/product_brand?post=1558"},{"taxonomy":"product_cat","embeddable":true,"href":"https:\/\/casadelllibre.anamarnatural.com\/index.php\/wp-json\/wp\/v2\/product_cat?post=1558"},{"taxonomy":"product_tag","embeddable":true,"href":"https:\/\/casadelllibre.anamarnatural.com\/index.php\/wp-json\/wp\/v2\/product_tag?post=1558"}],"curies":[{"name":"wp","href":"https:\/\/api.w.org\/{rel}","templated":true}]}}