{"id":1566,"date":"2023-11-24T18:03:22","date_gmt":"2023-11-24T18:03:22","guid":{"rendered":"https:\/\/casadelllibre.anamarnatural.com\/index.php\/producto\/apren-i-pinta-el-llibre-infantil-en-catala-de-pintar-simpatics-animals-i-aprendre-lalfabet-per-a-nens-i-nenes\/"},"modified":"2023-11-24T18:03:22","modified_gmt":"2023-11-24T18:03:22","slug":"apren-i-pinta-el-llibre-infantil-en-catala-de-pintar-simpatics-animals-i-aprendre-lalfabet-per-a-nens-i-nenes","status":"publish","type":"product","link":"https:\/\/casadelllibre.anamarnatural.com\/index.php\/producto\/apren-i-pinta-el-llibre-infantil-en-catala-de-pintar-simpatics-animals-i-aprendre-lalfabet-per-a-nens-i-nenes\/","title":{"rendered":"Apr\u00e8n i Pinta: El Llibre Infantil en Catal\u00e0 de Pintar Simp\u00e0tics Animals i aprendre l&#8217;alfabet per a nens i nenes"},"content":{"rendered":"","protected":false},"excerpt":{"rendered":"","protected":false},"featured_media":1565,"comment_status":"open","ping_status":"closed","template":"","meta":[],"product_brand":[],"product_cat":[15],"product_tag":[],"class_list":{"0":"post-1566","1":"product","2":"type-product","3":"status-publish","4":"has-post-thumbnail","6":"product_cat-sin-categorizar","8":"first","9":"instock","10":"taxable","11":"shipping-taxable","12":"product-type-external"},"jetpack_sharing_enabled":true,"_links":{"self":[{"href":"https:\/\/casadelllibre.anamarnatural.com\/index.php\/wp-json\/wp\/v2\/product\/1566","targetHints":{"allow":["GET"]}}],"collection":[{"href":"https:\/\/casadelllibre.anamarnatural.com\/index.php\/wp-json\/wp\/v2\/product"}],"about":[{"href":"https:\/\/casadelllibre.anamarnatural.com\/index.php\/wp-json\/wp\/v2\/types\/product"}],"replies":[{"embeddable":true,"href":"https:\/\/casadelllibre.anamarnatural.com\/index.php\/wp-json\/wp\/v2\/comments?post=1566"}],"wp:featuredmedia":[{"embeddable":true,"href":"https:\/\/casadelllibre.anamarnatural.com\/index.php\/wp-json\/wp\/v2\/media\/1565"}],"wp:attachment":[{"href":"https:\/\/casadelllibre.anamarnatural.com\/index.php\/wp-json\/wp\/v2\/media?parent=1566"}],"wp:term":[{"taxonomy":"product_brand","embeddable":true,"href":"https:\/\/casadelllibre.anamarnatural.com\/index.php\/wp-json\/wp\/v2\/product_brand?post=1566"},{"taxonomy":"product_cat","embeddable":true,"href":"https:\/\/casadelllibre.anamarnatural.com\/index.php\/wp-json\/wp\/v2\/product_cat?post=1566"},{"taxonomy":"product_tag","embeddable":true,"href":"https:\/\/casadelllibre.anamarnatural.com\/index.php\/wp-json\/wp\/v2\/product_tag?post=1566"}],"curies":[{"name":"wp","href":"https:\/\/api.w.org\/{rel}","templated":true}]}}