{"id":1610,"date":"2023-12-06T09:03:10","date_gmt":"2023-12-06T09:03:10","guid":{"rendered":"https:\/\/casadelllibre.anamarnatural.com\/index.php\/producto\/el-drac-pasqual-descobreix-europa-conte-infantil-en-catala-en-lletra-lligada-per-conscienciar-sobre-el-canvi-climatic-amb-la-greta-thunberg-5-el-drac-pasqual-descobreix-el-mon\/"},"modified":"2023-12-06T09:03:10","modified_gmt":"2023-12-06T09:03:10","slug":"el-drac-pasqual-descobreix-europa-conte-infantil-en-catala-en-lletra-lligada-per-conscienciar-sobre-el-canvi-climatic-amb-la-greta-thunberg-5-el-drac-pasqual-descobreix-el-mon","status":"publish","type":"product","link":"https:\/\/casadelllibre.anamarnatural.com\/index.php\/producto\/el-drac-pasqual-descobreix-europa-conte-infantil-en-catala-en-lletra-lligada-per-conscienciar-sobre-el-canvi-climatic-amb-la-greta-thunberg-5-el-drac-pasqual-descobreix-el-mon\/","title":{"rendered":"El drac Pasqual descobreix Europa: Conte infantil en catal\u00e0 en lletra lligada per conscienciar sobre el canvi clim\u00e0tic amb la Greta Thunberg: &#8230; 5 (El drac Pasqual descobreix el m\u00f3n)"},"content":{"rendered":"","protected":false},"excerpt":{"rendered":"","protected":false},"featured_media":1609,"comment_status":"open","ping_status":"closed","template":"","meta":[],"product_brand":[],"product_cat":[15],"product_tag":[],"class_list":{"0":"post-1610","1":"product","2":"type-product","3":"status-publish","4":"has-post-thumbnail","6":"product_cat-sin-categorizar","8":"first","9":"instock","10":"sale","11":"taxable","12":"shipping-taxable","13":"product-type-external"},"jetpack_sharing_enabled":true,"_links":{"self":[{"href":"https:\/\/casadelllibre.anamarnatural.com\/index.php\/wp-json\/wp\/v2\/product\/1610","targetHints":{"allow":["GET"]}}],"collection":[{"href":"https:\/\/casadelllibre.anamarnatural.com\/index.php\/wp-json\/wp\/v2\/product"}],"about":[{"href":"https:\/\/casadelllibre.anamarnatural.com\/index.php\/wp-json\/wp\/v2\/types\/product"}],"replies":[{"embeddable":true,"href":"https:\/\/casadelllibre.anamarnatural.com\/index.php\/wp-json\/wp\/v2\/comments?post=1610"}],"wp:featuredmedia":[{"embeddable":true,"href":"https:\/\/casadelllibre.anamarnatural.com\/index.php\/wp-json\/wp\/v2\/media\/1609"}],"wp:attachment":[{"href":"https:\/\/casadelllibre.anamarnatural.com\/index.php\/wp-json\/wp\/v2\/media?parent=1610"}],"wp:term":[{"taxonomy":"product_brand","embeddable":true,"href":"https:\/\/casadelllibre.anamarnatural.com\/index.php\/wp-json\/wp\/v2\/product_brand?post=1610"},{"taxonomy":"product_cat","embeddable":true,"href":"https:\/\/casadelllibre.anamarnatural.com\/index.php\/wp-json\/wp\/v2\/product_cat?post=1610"},{"taxonomy":"product_tag","embeddable":true,"href":"https:\/\/casadelllibre.anamarnatural.com\/index.php\/wp-json\/wp\/v2\/product_tag?post=1610"}],"curies":[{"name":"wp","href":"https:\/\/api.w.org\/{rel}","templated":true}]}}