{"id":1620,"date":"2023-12-07T12:03:18","date_gmt":"2023-12-07T12:03:18","guid":{"rendered":"https:\/\/casadelllibre.anamarnatural.com\/index.php\/producto\/llibres-bilingues-per-a-nens-catala-angles-el-cotxe-groc-children-bilingual-books-catalan-english-the-yellow-car-4-6-years-old-learn-languages\/"},"modified":"2023-12-07T12:03:18","modified_gmt":"2023-12-07T12:03:18","slug":"llibres-bilingues-per-a-nens-catala-angles-el-cotxe-groc-children-bilingual-books-catalan-english-the-yellow-car-4-6-years-old-learn-languages","status":"publish","type":"product","link":"https:\/\/casadelllibre.anamarnatural.com\/index.php\/producto\/llibres-bilingues-per-a-nens-catala-angles-el-cotxe-groc-children-bilingual-books-catalan-english-the-yellow-car-4-6-years-old-learn-languages\/","title":{"rendered":"LLIBRES BILING\u00dcES PER A NENS CATAL\u00c0 ANGL\u00c8S \u2013 EL COTXE GROC: Children bilingual books \u2013 Catalan English \u2013 The Yellow Car \u2013 4-6 years old learn languages"},"content":{"rendered":"","protected":false},"excerpt":{"rendered":"","protected":false},"featured_media":1619,"comment_status":"open","ping_status":"closed","template":"","meta":[],"product_brand":[],"product_cat":[15],"product_tag":[],"class_list":{"0":"post-1620","1":"product","2":"type-product","3":"status-publish","4":"has-post-thumbnail","6":"product_cat-sin-categorizar","8":"first","9":"instock","10":"taxable","11":"shipping-taxable","12":"product-type-external"},"jetpack_sharing_enabled":true,"_links":{"self":[{"href":"https:\/\/casadelllibre.anamarnatural.com\/index.php\/wp-json\/wp\/v2\/product\/1620","targetHints":{"allow":["GET"]}}],"collection":[{"href":"https:\/\/casadelllibre.anamarnatural.com\/index.php\/wp-json\/wp\/v2\/product"}],"about":[{"href":"https:\/\/casadelllibre.anamarnatural.com\/index.php\/wp-json\/wp\/v2\/types\/product"}],"replies":[{"embeddable":true,"href":"https:\/\/casadelllibre.anamarnatural.com\/index.php\/wp-json\/wp\/v2\/comments?post=1620"}],"wp:featuredmedia":[{"embeddable":true,"href":"https:\/\/casadelllibre.anamarnatural.com\/index.php\/wp-json\/wp\/v2\/media\/1619"}],"wp:attachment":[{"href":"https:\/\/casadelllibre.anamarnatural.com\/index.php\/wp-json\/wp\/v2\/media?parent=1620"}],"wp:term":[{"taxonomy":"product_brand","embeddable":true,"href":"https:\/\/casadelllibre.anamarnatural.com\/index.php\/wp-json\/wp\/v2\/product_brand?post=1620"},{"taxonomy":"product_cat","embeddable":true,"href":"https:\/\/casadelllibre.anamarnatural.com\/index.php\/wp-json\/wp\/v2\/product_cat?post=1620"},{"taxonomy":"product_tag","embeddable":true,"href":"https:\/\/casadelllibre.anamarnatural.com\/index.php\/wp-json\/wp\/v2\/product_tag?post=1620"}],"curies":[{"name":"wp","href":"https:\/\/api.w.org\/{rel}","templated":true}]}}