{"id":1630,"date":"2023-12-12T01:02:47","date_gmt":"2023-12-12T01:02:47","guid":{"rendered":"https:\/\/casadelllibre.anamarnatural.com\/index.php\/producto\/els-sistemes-i-aparells-del-cos-huma-per-a-nens-apren-com-funcionen-quines-son-les-parts-que-els-formen-en-que-consisteixen-i-molt-mes-llibres-infantils-en-catala\/"},"modified":"2023-12-12T01:02:47","modified_gmt":"2023-12-12T01:02:47","slug":"els-sistemes-i-aparells-del-cos-huma-per-a-nens-apren-com-funcionen-quines-son-les-parts-que-els-formen-en-que-consisteixen-i-molt-mes-llibres-infantils-en-catala","status":"publish","type":"product","link":"https:\/\/casadelllibre.anamarnatural.com\/index.php\/producto\/els-sistemes-i-aparells-del-cos-huma-per-a-nens-apren-com-funcionen-quines-son-les-parts-que-els-formen-en-que-consisteixen-i-molt-mes-llibres-infantils-en-catala\/","title":{"rendered":"Els Sistemes i Aparells del Cos Hum\u00e0 Per a Nens: Apr\u00e8n com funcionen, quines s\u00f3n les parts que els formen, en qu\u00e8 consisteixen\u2026 i molt m\u00e9s! (Llibres Infantils en Catal\u00e0)"},"content":{"rendered":"","protected":false},"excerpt":{"rendered":"","protected":false},"featured_media":1629,"comment_status":"open","ping_status":"closed","template":"","meta":[],"product_brand":[],"product_cat":[15],"product_tag":[],"class_list":{"0":"post-1630","1":"product","2":"type-product","3":"status-publish","4":"has-post-thumbnail","6":"product_cat-sin-categorizar","8":"first","9":"instock","10":"taxable","11":"shipping-taxable","12":"product-type-external"},"jetpack_sharing_enabled":true,"_links":{"self":[{"href":"https:\/\/casadelllibre.anamarnatural.com\/index.php\/wp-json\/wp\/v2\/product\/1630","targetHints":{"allow":["GET"]}}],"collection":[{"href":"https:\/\/casadelllibre.anamarnatural.com\/index.php\/wp-json\/wp\/v2\/product"}],"about":[{"href":"https:\/\/casadelllibre.anamarnatural.com\/index.php\/wp-json\/wp\/v2\/types\/product"}],"replies":[{"embeddable":true,"href":"https:\/\/casadelllibre.anamarnatural.com\/index.php\/wp-json\/wp\/v2\/comments?post=1630"}],"wp:featuredmedia":[{"embeddable":true,"href":"https:\/\/casadelllibre.anamarnatural.com\/index.php\/wp-json\/wp\/v2\/media\/1629"}],"wp:attachment":[{"href":"https:\/\/casadelllibre.anamarnatural.com\/index.php\/wp-json\/wp\/v2\/media?parent=1630"}],"wp:term":[{"taxonomy":"product_brand","embeddable":true,"href":"https:\/\/casadelllibre.anamarnatural.com\/index.php\/wp-json\/wp\/v2\/product_brand?post=1630"},{"taxonomy":"product_cat","embeddable":true,"href":"https:\/\/casadelllibre.anamarnatural.com\/index.php\/wp-json\/wp\/v2\/product_cat?post=1630"},{"taxonomy":"product_tag","embeddable":true,"href":"https:\/\/casadelllibre.anamarnatural.com\/index.php\/wp-json\/wp\/v2\/product_tag?post=1630"}],"curies":[{"name":"wp","href":"https:\/\/api.w.org\/{rel}","templated":true}]}}