{"id":1644,"date":"2023-12-18T12:03:10","date_gmt":"2023-12-18T12:03:10","guid":{"rendered":"https:\/\/casadelllibre.anamarnatural.com\/index.php\/producto\/lot-el-bruixot-i-el-drac-ot-the-wizard-and-the-dragon-contes-en-catala-i-angles-el-mateix-text-a-dalt-en-catala-i-a-sota-en-angles-english-contes-de-lot-el-bruixot-en-catala-i-angl\/"},"modified":"2023-12-18T12:03:10","modified_gmt":"2023-12-18T12:03:10","slug":"lot-el-bruixot-i-el-drac-ot-the-wizard-and-the-dragon-contes-en-catala-i-angles-el-mateix-text-a-dalt-en-catala-i-a-sota-en-angles-english-contes-de-lot-el-bruixot-en-catala-i-angl","status":"publish","type":"product","link":"https:\/\/casadelllibre.anamarnatural.com\/index.php\/producto\/lot-el-bruixot-i-el-drac-ot-the-wizard-and-the-dragon-contes-en-catala-i-angles-el-mateix-text-a-dalt-en-catala-i-a-sota-en-angles-english-contes-de-lot-el-bruixot-en-catala-i-angl\/","title":{"rendered":"L\u2019OT EL BRUIXOT I EL DRAC \/ Ot The Wizard And The Dragon: Contes en catal\u00e0 i angl\u00e8s: el mateix text a dalt en catal\u00e0 i a sota en angl\u00e8s: English &#8230; contes de l&#8217;Ot el Bruixot en catal\u00e0 i angl\u00e8s)"},"content":{"rendered":"","protected":false},"excerpt":{"rendered":"","protected":false},"featured_media":1643,"comment_status":"open","ping_status":"closed","template":"","meta":[],"product_brand":[],"product_cat":[15],"product_tag":[],"class_list":{"0":"post-1644","1":"product","2":"type-product","3":"status-publish","4":"has-post-thumbnail","6":"product_cat-sin-categorizar","8":"first","9":"instock","10":"sale","11":"taxable","12":"shipping-taxable","13":"product-type-external"},"jetpack_sharing_enabled":true,"_links":{"self":[{"href":"https:\/\/casadelllibre.anamarnatural.com\/index.php\/wp-json\/wp\/v2\/product\/1644","targetHints":{"allow":["GET"]}}],"collection":[{"href":"https:\/\/casadelllibre.anamarnatural.com\/index.php\/wp-json\/wp\/v2\/product"}],"about":[{"href":"https:\/\/casadelllibre.anamarnatural.com\/index.php\/wp-json\/wp\/v2\/types\/product"}],"replies":[{"embeddable":true,"href":"https:\/\/casadelllibre.anamarnatural.com\/index.php\/wp-json\/wp\/v2\/comments?post=1644"}],"wp:featuredmedia":[{"embeddable":true,"href":"https:\/\/casadelllibre.anamarnatural.com\/index.php\/wp-json\/wp\/v2\/media\/1643"}],"wp:attachment":[{"href":"https:\/\/casadelllibre.anamarnatural.com\/index.php\/wp-json\/wp\/v2\/media?parent=1644"}],"wp:term":[{"taxonomy":"product_brand","embeddable":true,"href":"https:\/\/casadelllibre.anamarnatural.com\/index.php\/wp-json\/wp\/v2\/product_brand?post=1644"},{"taxonomy":"product_cat","embeddable":true,"href":"https:\/\/casadelllibre.anamarnatural.com\/index.php\/wp-json\/wp\/v2\/product_cat?post=1644"},{"taxonomy":"product_tag","embeddable":true,"href":"https:\/\/casadelllibre.anamarnatural.com\/index.php\/wp-json\/wp\/v2\/product_tag?post=1644"}],"curies":[{"name":"wp","href":"https:\/\/api.w.org\/{rel}","templated":true}]}}