{"id":1650,"date":"2023-12-19T08:02:58","date_gmt":"2023-12-19T08:02:58","guid":{"rendered":"https:\/\/casadelllibre.anamarnatural.com\/index.php\/producto\/pop-up-on-es-els-colors-catala-a-partir-de-0-anys-manipulatius-llibres-per-tocar-i-jugar-pop-ups-pop-up-on-es\/"},"modified":"2023-12-19T08:02:58","modified_gmt":"2023-12-19T08:02:58","slug":"pop-up-on-es-els-colors-catala-a-partir-de-0-anys-manipulatius-llibres-per-tocar-i-jugar-pop-ups-pop-up-on-es","status":"publish","type":"product","link":"https:\/\/casadelllibre.anamarnatural.com\/index.php\/producto\/pop-up-on-es-els-colors-catala-a-partir-de-0-anys-manipulatius-llibres-per-tocar-i-jugar-pop-ups-pop-up-on-es\/","title":{"rendered":"Pop-up On \u00e9s? Els colors (Catal\u00e1 &#8211; A PARTIR DE 0 ANYS &#8211; MANIPULATIUS (LLIBRES PER TOCAR I JUGAR), POP-UPS &#8211; Pop-up On \u00e9s?)"},"content":{"rendered":"","protected":false},"excerpt":{"rendered":"","protected":false},"featured_media":1649,"comment_status":"open","ping_status":"closed","template":"","meta":[],"product_brand":[],"product_cat":[15],"product_tag":[],"class_list":{"0":"post-1650","1":"product","2":"type-product","3":"status-publish","4":"has-post-thumbnail","6":"product_cat-sin-categorizar","8":"first","9":"instock","10":"sale","11":"taxable","12":"shipping-taxable","13":"product-type-external"},"jetpack_sharing_enabled":true,"_links":{"self":[{"href":"https:\/\/casadelllibre.anamarnatural.com\/index.php\/wp-json\/wp\/v2\/product\/1650","targetHints":{"allow":["GET"]}}],"collection":[{"href":"https:\/\/casadelllibre.anamarnatural.com\/index.php\/wp-json\/wp\/v2\/product"}],"about":[{"href":"https:\/\/casadelllibre.anamarnatural.com\/index.php\/wp-json\/wp\/v2\/types\/product"}],"replies":[{"embeddable":true,"href":"https:\/\/casadelllibre.anamarnatural.com\/index.php\/wp-json\/wp\/v2\/comments?post=1650"}],"wp:featuredmedia":[{"embeddable":true,"href":"https:\/\/casadelllibre.anamarnatural.com\/index.php\/wp-json\/wp\/v2\/media\/1649"}],"wp:attachment":[{"href":"https:\/\/casadelllibre.anamarnatural.com\/index.php\/wp-json\/wp\/v2\/media?parent=1650"}],"wp:term":[{"taxonomy":"product_brand","embeddable":true,"href":"https:\/\/casadelllibre.anamarnatural.com\/index.php\/wp-json\/wp\/v2\/product_brand?post=1650"},{"taxonomy":"product_cat","embeddable":true,"href":"https:\/\/casadelllibre.anamarnatural.com\/index.php\/wp-json\/wp\/v2\/product_cat?post=1650"},{"taxonomy":"product_tag","embeddable":true,"href":"https:\/\/casadelllibre.anamarnatural.com\/index.php\/wp-json\/wp\/v2\/product_tag?post=1650"}],"curies":[{"name":"wp","href":"https:\/\/api.w.org\/{rel}","templated":true}]}}