{"id":1656,"date":"2023-12-24T06:02:42","date_gmt":"2023-12-24T06:02:42","guid":{"rendered":"https:\/\/casadelllibre.anamarnatural.com\/index.php\/producto\/juegos-de-mesa-adulto-el-tonto-del-pueblo-el-juego-de-mesa-para-reirte-de-tus-amigos-cartas-pizarras-y-rotuladores\/"},"modified":"2023-12-24T06:02:42","modified_gmt":"2023-12-24T06:02:42","slug":"juegos-de-mesa-adulto-el-tonto-del-pueblo-el-juego-de-mesa-para-reirte-de-tus-amigos-cartas-pizarras-y-rotuladores","status":"publish","type":"product","link":"https:\/\/casadelllibre.anamarnatural.com\/index.php\/producto\/juegos-de-mesa-adulto-el-tonto-del-pueblo-el-juego-de-mesa-para-reirte-de-tus-amigos-cartas-pizarras-y-rotuladores\/","title":{"rendered":"Juegos de Mesa Adulto &#8211; El Tonto del Pueblo &#8211; El Juego de Mesa para re\u00edrte de Tus Amigos &#8211; Cartas pizarras y rotuladores"},"content":{"rendered":"<p>&#8211; \ud83d\ude02 RISAS Y DIVERSI\u00d3N el mejor de los juegos de mesa adulto para re\u00edrte con tus amigos y familiares, listos para una batalla de mente y genios<br \/>\n&#8211; \ud83c\udf79 JUEGO DE MESA PARTY F\u00c1CIL 20-40 min +16 a\u00f1os<br \/>\n&#8211; \ud83c\udf81 REGALO ORIGINAL para pareja, para amigos, para familia y amigo invisible<br \/>\n&#8211; \u2705 240 PREGUNTAS calientes, cultura general, amigos y sabidur\u00eda popular. vision imposible no reir<br \/>\n&#8211; \ud83d\ude4b\u200d\u2642\ufe0f REP\u00daBLICA BANANERA GAMES dise\u00f1amos en Espa\u00f1a juegos de mesa para que lo petes en tus fiestas<\/p>\n","protected":false},"excerpt":{"rendered":"<p>&#8211; \ud83d\ude02 RISAS Y DIVERSI\u00d3N el mejor de los juegos de mesa adulto para re\u00edrte con tus amigos y familiares, listos para una batalla de mente y genios &#8211; \ud83c\udf79 JUEGO DE MESA PARTY F\u00c1CIL 20-40 min +16 a\u00f1os &#8211; \ud83c\udf81 REGALO ORIGINAL para pareja, para amigos, para familia y amigo invisible &#8211; \u2705 240 [&hellip;]<\/p>\n","protected":false},"featured_media":1655,"comment_status":"open","ping_status":"closed","template":"","meta":[],"product_brand":[],"product_cat":[15],"product_tag":[],"class_list":{"0":"post-1656","1":"product","2":"type-product","3":"status-publish","4":"has-post-thumbnail","6":"product_cat-sin-categorizar","8":"first","9":"instock","10":"sale","11":"taxable","12":"shipping-taxable","13":"product-type-external"},"jetpack_sharing_enabled":true,"_links":{"self":[{"href":"https:\/\/casadelllibre.anamarnatural.com\/index.php\/wp-json\/wp\/v2\/product\/1656","targetHints":{"allow":["GET"]}}],"collection":[{"href":"https:\/\/casadelllibre.anamarnatural.com\/index.php\/wp-json\/wp\/v2\/product"}],"about":[{"href":"https:\/\/casadelllibre.anamarnatural.com\/index.php\/wp-json\/wp\/v2\/types\/product"}],"replies":[{"embeddable":true,"href":"https:\/\/casadelllibre.anamarnatural.com\/index.php\/wp-json\/wp\/v2\/comments?post=1656"}],"wp:featuredmedia":[{"embeddable":true,"href":"https:\/\/casadelllibre.anamarnatural.com\/index.php\/wp-json\/wp\/v2\/media\/1655"}],"wp:attachment":[{"href":"https:\/\/casadelllibre.anamarnatural.com\/index.php\/wp-json\/wp\/v2\/media?parent=1656"}],"wp:term":[{"taxonomy":"product_brand","embeddable":true,"href":"https:\/\/casadelllibre.anamarnatural.com\/index.php\/wp-json\/wp\/v2\/product_brand?post=1656"},{"taxonomy":"product_cat","embeddable":true,"href":"https:\/\/casadelllibre.anamarnatural.com\/index.php\/wp-json\/wp\/v2\/product_cat?post=1656"},{"taxonomy":"product_tag","embeddable":true,"href":"https:\/\/casadelllibre.anamarnatural.com\/index.php\/wp-json\/wp\/v2\/product_tag?post=1656"}],"curies":[{"name":"wp","href":"https:\/\/api.w.org\/{rel}","templated":true}]}}