{"id":1772,"date":"2024-09-08T07:02:37","date_gmt":"2024-09-08T07:02:37","guid":{"rendered":"https:\/\/casadelllibre.anamarnatural.com\/index.php\/producto\/ginger-ray-libro-de-visitas-de-boda-de-kraft-natural-80-sobres-rustico-color-beige\/"},"modified":"2024-09-08T07:02:37","modified_gmt":"2024-09-08T07:02:37","slug":"ginger-ray-libro-de-visitas-de-boda-de-kraft-natural-80-sobres-rustico-color-beige","status":"publish","type":"product","link":"https:\/\/casadelllibre.anamarnatural.com\/index.php\/producto\/ginger-ray-libro-de-visitas-de-boda-de-kraft-natural-80-sobres-rustico-color-beige\/","title":{"rendered":"Ginger Ray Libro de visitas de boda de Kraft natural, 80 sobres r\u00fastico, color beige"},"content":{"rendered":"<p>&#8211; Bonita alternativa para libros de invitados de boda que te asegurar\u00e1 que puedes mirar atr\u00e1s en los recuerdos de boda durante a\u00f1os<br \/>\n&#8211; El libro de recuerdos contiene 80 sobres y 80 tarjetas de inserci\u00f3n<\/p>\n","protected":false},"excerpt":{"rendered":"<p>&#8211; Bonita alternativa para libros de invitados de boda que te asegurar\u00e1 que puedes mirar atr\u00e1s en los recuerdos de boda durante a\u00f1os &#8211; El libro de recuerdos contiene 80 sobres y 80 tarjetas de inserci\u00f3n<\/p>\n","protected":false},"featured_media":1771,"comment_status":"open","ping_status":"closed","template":"","meta":[],"product_brand":[],"product_cat":[15],"product_tag":[],"class_list":{"0":"post-1772","1":"product","2":"type-product","3":"status-publish","4":"has-post-thumbnail","6":"product_cat-sin-categorizar","8":"first","9":"instock","10":"taxable","11":"shipping-taxable","12":"product-type-external"},"jetpack_sharing_enabled":true,"_links":{"self":[{"href":"https:\/\/casadelllibre.anamarnatural.com\/index.php\/wp-json\/wp\/v2\/product\/1772","targetHints":{"allow":["GET"]}}],"collection":[{"href":"https:\/\/casadelllibre.anamarnatural.com\/index.php\/wp-json\/wp\/v2\/product"}],"about":[{"href":"https:\/\/casadelllibre.anamarnatural.com\/index.php\/wp-json\/wp\/v2\/types\/product"}],"replies":[{"embeddable":true,"href":"https:\/\/casadelllibre.anamarnatural.com\/index.php\/wp-json\/wp\/v2\/comments?post=1772"}],"wp:featuredmedia":[{"embeddable":true,"href":"https:\/\/casadelllibre.anamarnatural.com\/index.php\/wp-json\/wp\/v2\/media\/1771"}],"wp:attachment":[{"href":"https:\/\/casadelllibre.anamarnatural.com\/index.php\/wp-json\/wp\/v2\/media?parent=1772"}],"wp:term":[{"taxonomy":"product_brand","embeddable":true,"href":"https:\/\/casadelllibre.anamarnatural.com\/index.php\/wp-json\/wp\/v2\/product_brand?post=1772"},{"taxonomy":"product_cat","embeddable":true,"href":"https:\/\/casadelllibre.anamarnatural.com\/index.php\/wp-json\/wp\/v2\/product_cat?post=1772"},{"taxonomy":"product_tag","embeddable":true,"href":"https:\/\/casadelllibre.anamarnatural.com\/index.php\/wp-json\/wp\/v2\/product_tag?post=1772"}],"curies":[{"name":"wp","href":"https:\/\/api.w.org\/{rel}","templated":true}]}}