{"id":1788,"date":"2024-09-09T04:02:24","date_gmt":"2024-09-09T04:02:24","guid":{"rendered":"https:\/\/casadelllibre.anamarnatural.com\/index.php\/producto\/diset-comarques-de-catalunya-puzle-de-carton-para-conocer-cataluna-a-partir-de-3-anos-en-catalan\/"},"modified":"2024-09-09T04:02:24","modified_gmt":"2024-09-09T04:02:24","slug":"diset-comarques-de-catalunya-puzle-de-carton-para-conocer-cataluna-a-partir-de-3-anos-en-catalan","status":"publish","type":"product","link":"https:\/\/casadelllibre.anamarnatural.com\/index.php\/producto\/diset-comarques-de-catalunya-puzle-de-carton-para-conocer-cataluna-a-partir-de-3-anos-en-catalan\/","title":{"rendered":"Diset- Comarques de Catalunya &#8211; Puzle de cart\u00f3n para conocer Catalu\u00f1a a partir de 3 a\u00f1os en catal\u00e1n"},"content":{"rendered":"<p>&#8211; Juego educativo con el que los ni\u00f1os aprenden las letras, su grafismo y su orden dentro del abecedario<br \/>\n&#8211; El juego consiste a formar un puzle alargado donde aparece el abecedario catal\u00e1n completo de la \u201cA\u201d a la \u201cZ\u201d<br \/>\n&#8211; Todas las letras son en may\u00fasculas y junto a cada letra hay un dibujo que representa alg\u00fan elemento que empieza por la letra que se est\u00e1 construyendo<br \/>\n&#8211; Contenido: 1 puzle de 28 piezas<br \/>\n&#8211; Habilidades que desarrolla: aprender las letras del abecedario, la coordinaci\u00f3n mano-ojo, destreza manual, habilidades manipulativas y desarrolla la atenci\u00f3n<\/p>\n","protected":false},"excerpt":{"rendered":"<p>&#8211; Juego educativo con el que los ni\u00f1os aprenden las letras, su grafismo y su orden dentro del abecedario &#8211; El juego consiste a formar un puzle alargado donde aparece el abecedario catal\u00e1n completo de la \u201cA\u201d a la \u201cZ\u201d &#8211; Todas las letras son en may\u00fasculas y junto a cada letra hay un dibujo [&hellip;]<\/p>\n","protected":false},"featured_media":1787,"comment_status":"open","ping_status":"closed","template":"","meta":[],"product_brand":[],"product_cat":[15],"product_tag":[],"class_list":{"0":"post-1788","1":"product","2":"type-product","3":"status-publish","4":"has-post-thumbnail","6":"product_cat-sin-categorizar","8":"first","9":"instock","10":"taxable","11":"shipping-taxable","12":"product-type-external"},"jetpack_sharing_enabled":true,"_links":{"self":[{"href":"https:\/\/casadelllibre.anamarnatural.com\/index.php\/wp-json\/wp\/v2\/product\/1788","targetHints":{"allow":["GET"]}}],"collection":[{"href":"https:\/\/casadelllibre.anamarnatural.com\/index.php\/wp-json\/wp\/v2\/product"}],"about":[{"href":"https:\/\/casadelllibre.anamarnatural.com\/index.php\/wp-json\/wp\/v2\/types\/product"}],"replies":[{"embeddable":true,"href":"https:\/\/casadelllibre.anamarnatural.com\/index.php\/wp-json\/wp\/v2\/comments?post=1788"}],"wp:featuredmedia":[{"embeddable":true,"href":"https:\/\/casadelllibre.anamarnatural.com\/index.php\/wp-json\/wp\/v2\/media\/1787"}],"wp:attachment":[{"href":"https:\/\/casadelllibre.anamarnatural.com\/index.php\/wp-json\/wp\/v2\/media?parent=1788"}],"wp:term":[{"taxonomy":"product_brand","embeddable":true,"href":"https:\/\/casadelllibre.anamarnatural.com\/index.php\/wp-json\/wp\/v2\/product_brand?post=1788"},{"taxonomy":"product_cat","embeddable":true,"href":"https:\/\/casadelllibre.anamarnatural.com\/index.php\/wp-json\/wp\/v2\/product_cat?post=1788"},{"taxonomy":"product_tag","embeddable":true,"href":"https:\/\/casadelllibre.anamarnatural.com\/index.php\/wp-json\/wp\/v2\/product_tag?post=1788"}],"curies":[{"name":"wp","href":"https:\/\/api.w.org\/{rel}","templated":true}]}}