{"id":1792,"date":"2024-09-09T11:02:33","date_gmt":"2024-09-09T11:02:33","guid":{"rendered":"https:\/\/casadelllibre.anamarnatural.com\/index.php\/producto\/magalina-i-el-bosc-dels-animals-magics-serie-magalina-1\/"},"modified":"2024-09-09T11:02:33","modified_gmt":"2024-09-09T11:02:33","slug":"magalina-i-el-bosc-dels-animals-magics-serie-magalina-1","status":"publish","type":"product","link":"https:\/\/casadelllibre.anamarnatural.com\/index.php\/producto\/magalina-i-el-bosc-dels-animals-magics-serie-magalina-1\/","title":{"rendered":"Magalina i el bosc dels animals m\u00e0gics (S\u00e8rie Magalina 1)"},"content":{"rendered":"<p>&#8211; Magalina i el bosque dels animales m\u00e1gicos<br \/>\n&#8211; Tipo de producto: ABIS_BOOK<br \/>\n&#8211; Marca: Alfaguara<\/p>\n","protected":false},"excerpt":{"rendered":"<p>&#8211; Magalina i el bosque dels animales m\u00e1gicos &#8211; Tipo de producto: ABIS_BOOK &#8211; Marca: Alfaguara<\/p>\n","protected":false},"featured_media":1791,"comment_status":"open","ping_status":"closed","template":"","meta":[],"product_brand":[],"product_cat":[15],"product_tag":[],"class_list":{"0":"post-1792","1":"product","2":"type-product","3":"status-publish","4":"has-post-thumbnail","6":"product_cat-sin-categorizar","8":"first","9":"instock","10":"sale","11":"taxable","12":"shipping-taxable","13":"product-type-external"},"jetpack_sharing_enabled":true,"_links":{"self":[{"href":"https:\/\/casadelllibre.anamarnatural.com\/index.php\/wp-json\/wp\/v2\/product\/1792","targetHints":{"allow":["GET"]}}],"collection":[{"href":"https:\/\/casadelllibre.anamarnatural.com\/index.php\/wp-json\/wp\/v2\/product"}],"about":[{"href":"https:\/\/casadelllibre.anamarnatural.com\/index.php\/wp-json\/wp\/v2\/types\/product"}],"replies":[{"embeddable":true,"href":"https:\/\/casadelllibre.anamarnatural.com\/index.php\/wp-json\/wp\/v2\/comments?post=1792"}],"wp:featuredmedia":[{"embeddable":true,"href":"https:\/\/casadelllibre.anamarnatural.com\/index.php\/wp-json\/wp\/v2\/media\/1791"}],"wp:attachment":[{"href":"https:\/\/casadelllibre.anamarnatural.com\/index.php\/wp-json\/wp\/v2\/media?parent=1792"}],"wp:term":[{"taxonomy":"product_brand","embeddable":true,"href":"https:\/\/casadelllibre.anamarnatural.com\/index.php\/wp-json\/wp\/v2\/product_brand?post=1792"},{"taxonomy":"product_cat","embeddable":true,"href":"https:\/\/casadelllibre.anamarnatural.com\/index.php\/wp-json\/wp\/v2\/product_cat?post=1792"},{"taxonomy":"product_tag","embeddable":true,"href":"https:\/\/casadelllibre.anamarnatural.com\/index.php\/wp-json\/wp\/v2\/product_tag?post=1792"}],"curies":[{"name":"wp","href":"https:\/\/api.w.org\/{rel}","templated":true}]}}