{"id":1796,"date":"2024-09-09T13:02:38","date_gmt":"2024-09-09T13:02:38","guid":{"rendered":"https:\/\/casadelllibre.anamarnatural.com\/index.php\/producto\/diset-lectron-primeres-lectures-juego-educativo-de-asociar-preguntas-y-respuestas-a-partir-de-4-anos-en-catalan\/"},"modified":"2024-09-09T13:02:38","modified_gmt":"2024-09-09T13:02:38","slug":"diset-lectron-primeres-lectures-juego-educativo-de-asociar-preguntas-y-respuestas-a-partir-de-4-anos-en-catalan","status":"publish","type":"product","link":"https:\/\/casadelllibre.anamarnatural.com\/index.php\/producto\/diset-lectron-primeres-lectures-juego-educativo-de-asociar-preguntas-y-respuestas-a-partir-de-4-anos-en-catalan\/","title":{"rendered":"Diset &#8211; Lectron primeres lectures, Juego educativo de asociar preguntas y respuestas a partir de 4 a\u00f1os en catal\u00e1n"},"content":{"rendered":"<p>&#8211; Juguete educativo de asociar preguntas y respuestas para los m\u00e1s peque\u00f1os; Los ni\u00f1os se divertir\u00e1n desarrollando la observaci\u00f3n, la discriminaci\u00f3n visual y la diferenciaci\u00f3n de formas<br \/>\n&#8211; Aprender\u00e1n conceptos como: las vocales, la forma de las palabras, el sonido de las letras, las frases..; a trav\u00e9s de distintas l\u00e1minas relacionadas con la lectura.<br \/>\n&#8211; Sistema autocorrectivo que permite al ni\u00f1o comprobar si est\u00e1 respondiendo bien cuando aciertas, la luz del l\u00e1piz se enciende y adem\u00e1s hace ruido<br \/>\n&#8211; El producto necesita pilas que vienen incluidas; El tipo de pilas que necesita son: 2 x 41<br \/>\n&#8211; Contenido: l\u00e1piz m\u00e1gico, instrucciones de uso y 12 l\u00e1minas ilustradas<\/p>\n","protected":false},"excerpt":{"rendered":"<p>&#8211; Juguete educativo de asociar preguntas y respuestas para los m\u00e1s peque\u00f1os; Los ni\u00f1os se divertir\u00e1n desarrollando la observaci\u00f3n, la discriminaci\u00f3n visual y la diferenciaci\u00f3n de formas &#8211; Aprender\u00e1n conceptos como: las vocales, la forma de las palabras, el sonido de las letras, las frases..; a trav\u00e9s de distintas l\u00e1minas relacionadas con la lectura. &#8211; [&hellip;]<\/p>\n","protected":false},"featured_media":1795,"comment_status":"open","ping_status":"closed","template":"","meta":[],"product_brand":[],"product_cat":[15],"product_tag":[],"class_list":{"0":"post-1796","1":"product","2":"type-product","3":"status-publish","4":"has-post-thumbnail","6":"product_cat-sin-categorizar","8":"first","9":"instock","10":"taxable","11":"shipping-taxable","12":"product-type-external"},"jetpack_sharing_enabled":true,"_links":{"self":[{"href":"https:\/\/casadelllibre.anamarnatural.com\/index.php\/wp-json\/wp\/v2\/product\/1796","targetHints":{"allow":["GET"]}}],"collection":[{"href":"https:\/\/casadelllibre.anamarnatural.com\/index.php\/wp-json\/wp\/v2\/product"}],"about":[{"href":"https:\/\/casadelllibre.anamarnatural.com\/index.php\/wp-json\/wp\/v2\/types\/product"}],"replies":[{"embeddable":true,"href":"https:\/\/casadelllibre.anamarnatural.com\/index.php\/wp-json\/wp\/v2\/comments?post=1796"}],"wp:featuredmedia":[{"embeddable":true,"href":"https:\/\/casadelllibre.anamarnatural.com\/index.php\/wp-json\/wp\/v2\/media\/1795"}],"wp:attachment":[{"href":"https:\/\/casadelllibre.anamarnatural.com\/index.php\/wp-json\/wp\/v2\/media?parent=1796"}],"wp:term":[{"taxonomy":"product_brand","embeddable":true,"href":"https:\/\/casadelllibre.anamarnatural.com\/index.php\/wp-json\/wp\/v2\/product_brand?post=1796"},{"taxonomy":"product_cat","embeddable":true,"href":"https:\/\/casadelllibre.anamarnatural.com\/index.php\/wp-json\/wp\/v2\/product_cat?post=1796"},{"taxonomy":"product_tag","embeddable":true,"href":"https:\/\/casadelllibre.anamarnatural.com\/index.php\/wp-json\/wp\/v2\/product_tag?post=1796"}],"curies":[{"name":"wp","href":"https:\/\/api.w.org\/{rel}","templated":true}]}}