{"id":1818,"date":"2024-09-11T16:02:53","date_gmt":"2024-09-11T16:02:53","guid":{"rendered":"https:\/\/casadelllibre.anamarnatural.com\/index.php\/producto\/que-prefereixes-joc-de-preguntes-per-a-tota-la-familia-un-divertit-llibre-en-catala-per-passar-temps-amb-els-mes-petits-de-la-casa\/"},"modified":"2024-09-11T16:02:53","modified_gmt":"2024-09-11T16:02:53","slug":"que-prefereixes-joc-de-preguntes-per-a-tota-la-familia-un-divertit-llibre-en-catala-per-passar-temps-amb-els-mes-petits-de-la-casa","status":"publish","type":"product","link":"https:\/\/casadelllibre.anamarnatural.com\/index.php\/producto\/que-prefereixes-joc-de-preguntes-per-a-tota-la-familia-un-divertit-llibre-en-catala-per-passar-temps-amb-els-mes-petits-de-la-casa\/","title":{"rendered":"Qu\u00e8 Prefereixes? Joc De Preguntes Per A Tota La Familia: Un Divertit Llibre En Catal\u00e0 Per Passar Temps Amb Els M\u00e9s Petits De La Casa"},"content":{"rendered":"","protected":false},"excerpt":{"rendered":"","protected":false},"featured_media":1817,"comment_status":"open","ping_status":"closed","template":"","meta":[],"product_brand":[],"product_cat":[15],"product_tag":[],"class_list":{"0":"post-1818","1":"product","2":"type-product","3":"status-publish","4":"has-post-thumbnail","6":"product_cat-sin-categorizar","8":"first","9":"instock","10":"taxable","11":"shipping-taxable","12":"product-type-external"},"jetpack_sharing_enabled":true,"_links":{"self":[{"href":"https:\/\/casadelllibre.anamarnatural.com\/index.php\/wp-json\/wp\/v2\/product\/1818","targetHints":{"allow":["GET"]}}],"collection":[{"href":"https:\/\/casadelllibre.anamarnatural.com\/index.php\/wp-json\/wp\/v2\/product"}],"about":[{"href":"https:\/\/casadelllibre.anamarnatural.com\/index.php\/wp-json\/wp\/v2\/types\/product"}],"replies":[{"embeddable":true,"href":"https:\/\/casadelllibre.anamarnatural.com\/index.php\/wp-json\/wp\/v2\/comments?post=1818"}],"wp:featuredmedia":[{"embeddable":true,"href":"https:\/\/casadelllibre.anamarnatural.com\/index.php\/wp-json\/wp\/v2\/media\/1817"}],"wp:attachment":[{"href":"https:\/\/casadelllibre.anamarnatural.com\/index.php\/wp-json\/wp\/v2\/media?parent=1818"}],"wp:term":[{"taxonomy":"product_brand","embeddable":true,"href":"https:\/\/casadelllibre.anamarnatural.com\/index.php\/wp-json\/wp\/v2\/product_brand?post=1818"},{"taxonomy":"product_cat","embeddable":true,"href":"https:\/\/casadelllibre.anamarnatural.com\/index.php\/wp-json\/wp\/v2\/product_cat?post=1818"},{"taxonomy":"product_tag","embeddable":true,"href":"https:\/\/casadelllibre.anamarnatural.com\/index.php\/wp-json\/wp\/v2\/product_tag?post=1818"}],"curies":[{"name":"wp","href":"https:\/\/api.w.org\/{rel}","templated":true}]}}