{"id":1840,"date":"2024-09-19T11:02:52","date_gmt":"2024-09-19T11:02:52","guid":{"rendered":"https:\/\/casadelllibre.anamarnatural.com\/index.php\/producto\/contes-per-a-bebes-es-lhora-del-bany-llibre-per-a-la-banyera-interactiu-per-a-nadons-entre-0-i-36-mesos-amb-tinta-magica-que-apareix-quan-mulles-els-animals-5\/"},"modified":"2024-09-19T11:02:52","modified_gmt":"2024-09-19T11:02:52","slug":"contes-per-a-bebes-es-lhora-del-bany-llibre-per-a-la-banyera-interactiu-per-a-nadons-entre-0-i-36-mesos-amb-tinta-magica-que-apareix-quan-mulles-els-animals-5","status":"publish","type":"product","link":"https:\/\/casadelllibre.anamarnatural.com\/index.php\/producto\/contes-per-a-bebes-es-lhora-del-bany-llibre-per-a-la-banyera-interactiu-per-a-nadons-entre-0-i-36-mesos-amb-tinta-magica-que-apareix-quan-mulles-els-animals-5\/","title":{"rendered":"Contes per a beb\u00e8s &#8211; \u00c9s l&#8217;hora del bany: Llibre per a la banyera interactiu per a nadons entre 0 i 36 mesos. Amb tinta m\u00e0gica que apareix quan mulles els animals!: 5"},"content":{"rendered":"","protected":false},"excerpt":{"rendered":"","protected":false},"featured_media":1839,"comment_status":"open","ping_status":"closed","template":"","meta":[],"product_brand":[],"product_cat":[15],"product_tag":[],"class_list":{"0":"post-1840","1":"product","2":"type-product","3":"status-publish","4":"has-post-thumbnail","6":"product_cat-sin-categorizar","8":"first","9":"instock","10":"sale","11":"taxable","12":"shipping-taxable","13":"product-type-external"},"jetpack_sharing_enabled":true,"_links":{"self":[{"href":"https:\/\/casadelllibre.anamarnatural.com\/index.php\/wp-json\/wp\/v2\/product\/1840","targetHints":{"allow":["GET"]}}],"collection":[{"href":"https:\/\/casadelllibre.anamarnatural.com\/index.php\/wp-json\/wp\/v2\/product"}],"about":[{"href":"https:\/\/casadelllibre.anamarnatural.com\/index.php\/wp-json\/wp\/v2\/types\/product"}],"replies":[{"embeddable":true,"href":"https:\/\/casadelllibre.anamarnatural.com\/index.php\/wp-json\/wp\/v2\/comments?post=1840"}],"wp:featuredmedia":[{"embeddable":true,"href":"https:\/\/casadelllibre.anamarnatural.com\/index.php\/wp-json\/wp\/v2\/media\/1839"}],"wp:attachment":[{"href":"https:\/\/casadelllibre.anamarnatural.com\/index.php\/wp-json\/wp\/v2\/media?parent=1840"}],"wp:term":[{"taxonomy":"product_brand","embeddable":true,"href":"https:\/\/casadelllibre.anamarnatural.com\/index.php\/wp-json\/wp\/v2\/product_brand?post=1840"},{"taxonomy":"product_cat","embeddable":true,"href":"https:\/\/casadelllibre.anamarnatural.com\/index.php\/wp-json\/wp\/v2\/product_cat?post=1840"},{"taxonomy":"product_tag","embeddable":true,"href":"https:\/\/casadelllibre.anamarnatural.com\/index.php\/wp-json\/wp\/v2\/product_tag?post=1840"}],"curies":[{"name":"wp","href":"https:\/\/api.w.org\/{rel}","templated":true}]}}