{"id":1844,"date":"2024-09-23T05:02:18","date_gmt":"2024-09-23T05:02:18","guid":{"rendered":"https:\/\/casadelllibre.anamarnatural.com\/index.php\/producto\/inteligencia-emocional-4-libros-en-1-la-guia-completa-para-aprender-autodisciplina-inteligencia-emocional-psicologia-oscura-y-manipulacion-domina-tus-emociones-y-elimina-las-creencias-negativas\/"},"modified":"2024-09-23T05:02:18","modified_gmt":"2024-09-23T05:02:18","slug":"inteligencia-emocional-4-libros-en-1-la-guia-completa-para-aprender-autodisciplina-inteligencia-emocional-psicologia-oscura-y-manipulacion-domina-tus-emociones-y-elimina-las-creencias-negativas","status":"publish","type":"product","link":"https:\/\/casadelllibre.anamarnatural.com\/index.php\/producto\/inteligencia-emocional-4-libros-en-1-la-guia-completa-para-aprender-autodisciplina-inteligencia-emocional-psicologia-oscura-y-manipulacion-domina-tus-emociones-y-elimina-las-creencias-negativas\/","title":{"rendered":"Inteligencia Emocional: 4 Libros en 1: La Gu\u00eda Completa Para Aprender Autodisciplina, Inteligencia Emocional, Psicolog\u00eda Oscura y Manipulaci\u00f3n. Domina Tus Emociones y Elimina Las Creencias Negativas."},"content":{"rendered":"","protected":false},"excerpt":{"rendered":"","protected":false},"featured_media":1843,"comment_status":"open","ping_status":"closed","template":"","meta":[],"product_brand":[],"product_cat":[15],"product_tag":[],"class_list":{"0":"post-1844","1":"product","2":"type-product","3":"status-publish","4":"has-post-thumbnail","6":"product_cat-sin-categorizar","8":"first","9":"instock","10":"taxable","11":"shipping-taxable","12":"product-type-external"},"jetpack_sharing_enabled":true,"_links":{"self":[{"href":"https:\/\/casadelllibre.anamarnatural.com\/index.php\/wp-json\/wp\/v2\/product\/1844","targetHints":{"allow":["GET"]}}],"collection":[{"href":"https:\/\/casadelllibre.anamarnatural.com\/index.php\/wp-json\/wp\/v2\/product"}],"about":[{"href":"https:\/\/casadelllibre.anamarnatural.com\/index.php\/wp-json\/wp\/v2\/types\/product"}],"replies":[{"embeddable":true,"href":"https:\/\/casadelllibre.anamarnatural.com\/index.php\/wp-json\/wp\/v2\/comments?post=1844"}],"wp:featuredmedia":[{"embeddable":true,"href":"https:\/\/casadelllibre.anamarnatural.com\/index.php\/wp-json\/wp\/v2\/media\/1843"}],"wp:attachment":[{"href":"https:\/\/casadelllibre.anamarnatural.com\/index.php\/wp-json\/wp\/v2\/media?parent=1844"}],"wp:term":[{"taxonomy":"product_brand","embeddable":true,"href":"https:\/\/casadelllibre.anamarnatural.com\/index.php\/wp-json\/wp\/v2\/product_brand?post=1844"},{"taxonomy":"product_cat","embeddable":true,"href":"https:\/\/casadelllibre.anamarnatural.com\/index.php\/wp-json\/wp\/v2\/product_cat?post=1844"},{"taxonomy":"product_tag","embeddable":true,"href":"https:\/\/casadelllibre.anamarnatural.com\/index.php\/wp-json\/wp\/v2\/product_tag?post=1844"}],"curies":[{"name":"wp","href":"https:\/\/api.w.org\/{rel}","templated":true}]}}