{"id":1848,"date":"2024-09-24T00:02:44","date_gmt":"2024-09-24T00:02:44","guid":{"rendered":"https:\/\/casadelllibre.anamarnatural.com\/index.php\/producto\/cuaderno-del-docente-semana-pagina-catalan\/"},"modified":"2024-09-24T00:02:44","modified_gmt":"2024-09-24T00:02:44","slug":"cuaderno-del-docente-semana-pagina-catalan","status":"publish","type":"product","link":"https:\/\/casadelllibre.anamarnatural.com\/index.php\/producto\/cuaderno-del-docente-semana-pagina-catalan\/","title":{"rendered":"Cuaderno del docente semana p\u00e1gina catal\u00e1n"},"content":{"rendered":"<p>&#8211; Interior: semana p\u00e1gina. Visi\u00f3n de dos semanas completas en apaisado que permite la escritura natural. Anualidad sin fecha, 46 semanas (v\u00e1lida para un curso lectivo).<br \/>\n&#8211; Dispone de apartados espec\u00edficos para los docentes como 24 hojas de listas\/evaluaciones (hasta 40 alumnos), 8 hojas de reuniones, links, formaciones y contactos.<br \/>\n&#8211; Contenidos para Tutor\u00eda: para gestionar la acci\u00f3n tutorial de hasta 40 alumnos: datos alumnado, ausencias y retrasos, programaci\u00f3n de entrevistas, fichas y entrevistas.<br \/>\n&#8211; Incluye 269 pegatinas y 6 fundas transparentes con capacidad para DIN A4. Puedes consultar todos los contenidos del cuaderno en la descripci\u00f3n del producto.<br \/>\n&#8211; Material: tapas de polipropileno que permiten la personalizaci\u00f3n de la portada. Espiral simple met\u00e1lica. Papel de 80gr\/m2. FSC.<\/p>\n","protected":false},"excerpt":{"rendered":"<p>&#8211; Interior: semana p\u00e1gina. Visi\u00f3n de dos semanas completas en apaisado que permite la escritura natural. Anualidad sin fecha, 46 semanas (v\u00e1lida para un curso lectivo). &#8211; Dispone de apartados espec\u00edficos para los docentes como 24 hojas de listas\/evaluaciones (hasta 40 alumnos), 8 hojas de reuniones, links, formaciones y contactos. &#8211; Contenidos para Tutor\u00eda: para [&hellip;]<\/p>\n","protected":false},"featured_media":1847,"comment_status":"open","ping_status":"closed","template":"","meta":[],"product_brand":[],"product_cat":[15],"product_tag":[],"class_list":{"0":"post-1848","1":"product","2":"type-product","3":"status-publish","4":"has-post-thumbnail","6":"product_cat-sin-categorizar","8":"first","9":"instock","10":"sale","11":"taxable","12":"shipping-taxable","13":"product-type-external"},"jetpack_sharing_enabled":true,"_links":{"self":[{"href":"https:\/\/casadelllibre.anamarnatural.com\/index.php\/wp-json\/wp\/v2\/product\/1848","targetHints":{"allow":["GET"]}}],"collection":[{"href":"https:\/\/casadelllibre.anamarnatural.com\/index.php\/wp-json\/wp\/v2\/product"}],"about":[{"href":"https:\/\/casadelllibre.anamarnatural.com\/index.php\/wp-json\/wp\/v2\/types\/product"}],"replies":[{"embeddable":true,"href":"https:\/\/casadelllibre.anamarnatural.com\/index.php\/wp-json\/wp\/v2\/comments?post=1848"}],"wp:featuredmedia":[{"embeddable":true,"href":"https:\/\/casadelllibre.anamarnatural.com\/index.php\/wp-json\/wp\/v2\/media\/1847"}],"wp:attachment":[{"href":"https:\/\/casadelllibre.anamarnatural.com\/index.php\/wp-json\/wp\/v2\/media?parent=1848"}],"wp:term":[{"taxonomy":"product_brand","embeddable":true,"href":"https:\/\/casadelllibre.anamarnatural.com\/index.php\/wp-json\/wp\/v2\/product_brand?post=1848"},{"taxonomy":"product_cat","embeddable":true,"href":"https:\/\/casadelllibre.anamarnatural.com\/index.php\/wp-json\/wp\/v2\/product_cat?post=1848"},{"taxonomy":"product_tag","embeddable":true,"href":"https:\/\/casadelllibre.anamarnatural.com\/index.php\/wp-json\/wp\/v2\/product_tag?post=1848"}],"curies":[{"name":"wp","href":"https:\/\/api.w.org\/{rel}","templated":true}]}}