{"id":1920,"date":"2024-11-17T19:02:35","date_gmt":"2024-11-17T19:02:35","guid":{"rendered":"https:\/\/casadelllibre.anamarnatural.com\/index.php\/producto\/animosa-agenda-2025-a5-setmana-vista-catala-virginia-woolf\/"},"modified":"2024-11-17T19:02:35","modified_gmt":"2024-11-17T19:02:35","slug":"animosa-agenda-2025-a5-setmana-vista-catala-virginia-woolf","status":"publish","type":"product","link":"https:\/\/casadelllibre.anamarnatural.com\/index.php\/producto\/animosa-agenda-2025-a5-setmana-vista-catala-virginia-woolf\/","title":{"rendered":"Animosa &#8211; Agenda 2025 A5 Setmana Vista Catal\u00e0 Virginia Woolf"},"content":{"rendered":"<p>&#8211; Agenda setmana vista.<br \/>\n&#8211; Amb tot el mes d&#8217;un cop d&#8217;ull per a apuntar-hi les dates clau, centenars de frases motivadores de grans dones que van fer hist\u00f2ria, p\u00e0gines destinades a la reflexi\u00f3 i a l&#8217;autoconeixement, i moltes m\u00e9s sorpreses.<br \/>\n&#8211; 400 p\u00e0gines, tapa dura, tanca amb goma i punt de llibre perqu\u00e8 s\u00e0pigues m\u00e9s sobre la hist\u00f2ria de Virginia Woolf. Inclou un full d&#8217;adhesius a tot color.<br \/>\n&#8211; Disseny exclusiu d&#8217;Animosa. Mides: 17 x 21,5 cm.<br \/>\n&#8211; Dissenyada i produ\u00efda a Gal\u00edcia posant molta cura en els detalls.<\/p>\n","protected":false},"excerpt":{"rendered":"<p>&#8211; Agenda setmana vista. &#8211; Amb tot el mes d&#8217;un cop d&#8217;ull per a apuntar-hi les dates clau, centenars de frases motivadores de grans dones que van fer hist\u00f2ria, p\u00e0gines destinades a la reflexi\u00f3 i a l&#8217;autoconeixement, i moltes m\u00e9s sorpreses. &#8211; 400 p\u00e0gines, tapa dura, tanca amb goma i punt de llibre perqu\u00e8 s\u00e0pigues [&hellip;]<\/p>\n","protected":false},"featured_media":1919,"comment_status":"open","ping_status":"closed","template":"","meta":[],"product_brand":[],"product_cat":[15],"product_tag":[],"class_list":{"0":"post-1920","1":"product","2":"type-product","3":"status-publish","4":"has-post-thumbnail","6":"product_cat-sin-categorizar","8":"first","9":"instock","10":"taxable","11":"shipping-taxable","12":"product-type-external"},"jetpack_sharing_enabled":true,"_links":{"self":[{"href":"https:\/\/casadelllibre.anamarnatural.com\/index.php\/wp-json\/wp\/v2\/product\/1920","targetHints":{"allow":["GET"]}}],"collection":[{"href":"https:\/\/casadelllibre.anamarnatural.com\/index.php\/wp-json\/wp\/v2\/product"}],"about":[{"href":"https:\/\/casadelllibre.anamarnatural.com\/index.php\/wp-json\/wp\/v2\/types\/product"}],"replies":[{"embeddable":true,"href":"https:\/\/casadelllibre.anamarnatural.com\/index.php\/wp-json\/wp\/v2\/comments?post=1920"}],"wp:featuredmedia":[{"embeddable":true,"href":"https:\/\/casadelllibre.anamarnatural.com\/index.php\/wp-json\/wp\/v2\/media\/1919"}],"wp:attachment":[{"href":"https:\/\/casadelllibre.anamarnatural.com\/index.php\/wp-json\/wp\/v2\/media?parent=1920"}],"wp:term":[{"taxonomy":"product_brand","embeddable":true,"href":"https:\/\/casadelllibre.anamarnatural.com\/index.php\/wp-json\/wp\/v2\/product_brand?post=1920"},{"taxonomy":"product_cat","embeddable":true,"href":"https:\/\/casadelllibre.anamarnatural.com\/index.php\/wp-json\/wp\/v2\/product_cat?post=1920"},{"taxonomy":"product_tag","embeddable":true,"href":"https:\/\/casadelllibre.anamarnatural.com\/index.php\/wp-json\/wp\/v2\/product_tag?post=1920"}],"curies":[{"name":"wp","href":"https:\/\/api.w.org\/{rel}","templated":true}]}}