{"id":1979,"date":"2024-12-23T16:02:46","date_gmt":"2024-12-23T16:02:46","guid":{"rendered":"https:\/\/casadelllibre.anamarnatural.com\/index.php\/producto\/mugffins-taza-profesora-en-catalan-aqui-beu-una-super-professora-taza-desayuno-idea-regalo-dia-de-la-tia-ceramica-350-ml\/"},"modified":"2024-12-23T16:02:46","modified_gmt":"2024-12-23T16:02:46","slug":"mugffins-taza-profesora-en-catalan-aqui-beu-una-super-professora-taza-desayuno-idea-regalo-dia-de-la-tia-ceramica-350-ml","status":"publish","type":"product","link":"https:\/\/casadelllibre.anamarnatural.com\/index.php\/producto\/mugffins-taza-profesora-en-catalan-aqui-beu-una-super-professora-taza-desayuno-idea-regalo-dia-de-la-tia-ceramica-350-ml\/","title":{"rendered":"MUGFFINS Taza Profesora (En Catal\u00e1n) \u00abAqu\u00ed beu una S\u00faper Professora\u00bb Taza Desayuno\/Idea Regalo D\u00eda de la T\u00eda. Cer\u00e1mica 350 mL"},"content":{"rendered":"","protected":false},"excerpt":{"rendered":"","protected":false},"featured_media":1978,"comment_status":"open","ping_status":"closed","template":"","meta":[],"product_brand":[],"product_cat":[15],"product_tag":[],"class_list":{"0":"post-1979","1":"product","2":"type-product","3":"status-publish","4":"has-post-thumbnail","6":"product_cat-sin-categorizar","8":"first","9":"instock","10":"taxable","11":"shipping-taxable","12":"product-type-external"},"jetpack_sharing_enabled":true,"_links":{"self":[{"href":"https:\/\/casadelllibre.anamarnatural.com\/index.php\/wp-json\/wp\/v2\/product\/1979","targetHints":{"allow":["GET"]}}],"collection":[{"href":"https:\/\/casadelllibre.anamarnatural.com\/index.php\/wp-json\/wp\/v2\/product"}],"about":[{"href":"https:\/\/casadelllibre.anamarnatural.com\/index.php\/wp-json\/wp\/v2\/types\/product"}],"replies":[{"embeddable":true,"href":"https:\/\/casadelllibre.anamarnatural.com\/index.php\/wp-json\/wp\/v2\/comments?post=1979"}],"wp:featuredmedia":[{"embeddable":true,"href":"https:\/\/casadelllibre.anamarnatural.com\/index.php\/wp-json\/wp\/v2\/media\/1978"}],"wp:attachment":[{"href":"https:\/\/casadelllibre.anamarnatural.com\/index.php\/wp-json\/wp\/v2\/media?parent=1979"}],"wp:term":[{"taxonomy":"product_brand","embeddable":true,"href":"https:\/\/casadelllibre.anamarnatural.com\/index.php\/wp-json\/wp\/v2\/product_brand?post=1979"},{"taxonomy":"product_cat","embeddable":true,"href":"https:\/\/casadelllibre.anamarnatural.com\/index.php\/wp-json\/wp\/v2\/product_cat?post=1979"},{"taxonomy":"product_tag","embeddable":true,"href":"https:\/\/casadelllibre.anamarnatural.com\/index.php\/wp-json\/wp\/v2\/product_tag?post=1979"}],"curies":[{"name":"wp","href":"https:\/\/api.w.org\/{rel}","templated":true}]}}