{"id":2001,"date":"2025-01-22T02:02:18","date_gmt":"2025-01-22T02:02:18","guid":{"rendered":"https:\/\/casadelllibre.anamarnatural.com\/index.php\/producto\/el-gran-llibre-de-laigua-de-la-transpiracio-de-les-plantes-a-la-devastacio-dels-tsunamis-ecosfera\/"},"modified":"2025-01-22T02:02:18","modified_gmt":"2025-01-22T02:02:18","slug":"el-gran-llibre-de-laigua-de-la-transpiracio-de-les-plantes-a-la-devastacio-dels-tsunamis-ecosfera","status":"publish","type":"product","link":"https:\/\/casadelllibre.anamarnatural.com\/index.php\/producto\/el-gran-llibre-de-laigua-de-la-transpiracio-de-les-plantes-a-la-devastacio-dels-tsunamis-ecosfera\/","title":{"rendered":"El gran llibre de l&#8217;aigua. De la transpiraci\u00f3 de les plantes a la devastaci\u00f3 dels tsunamis (Ecosfera)"},"content":{"rendered":"<p>&#8211; El gran llibre de l&#8217;aigua. De la transpiraci\u00f3 de les plantes a la devastaci\u00f3 dels tsunamis<\/p>\n","protected":false},"excerpt":{"rendered":"<p>&#8211; El gran llibre de l&#8217;aigua. De la transpiraci\u00f3 de les plantes a la devastaci\u00f3 dels tsunamis<\/p>\n","protected":false},"featured_media":2000,"comment_status":"open","ping_status":"closed","template":"","meta":[],"product_brand":[],"product_cat":[15],"product_tag":[],"class_list":{"0":"post-2001","1":"product","2":"type-product","3":"status-publish","4":"has-post-thumbnail","6":"product_cat-sin-categorizar","8":"first","9":"instock","10":"sale","11":"taxable","12":"shipping-taxable","13":"product-type-external"},"jetpack_sharing_enabled":true,"_links":{"self":[{"href":"https:\/\/casadelllibre.anamarnatural.com\/index.php\/wp-json\/wp\/v2\/product\/2001","targetHints":{"allow":["GET"]}}],"collection":[{"href":"https:\/\/casadelllibre.anamarnatural.com\/index.php\/wp-json\/wp\/v2\/product"}],"about":[{"href":"https:\/\/casadelllibre.anamarnatural.com\/index.php\/wp-json\/wp\/v2\/types\/product"}],"replies":[{"embeddable":true,"href":"https:\/\/casadelllibre.anamarnatural.com\/index.php\/wp-json\/wp\/v2\/comments?post=2001"}],"wp:featuredmedia":[{"embeddable":true,"href":"https:\/\/casadelllibre.anamarnatural.com\/index.php\/wp-json\/wp\/v2\/media\/2000"}],"wp:attachment":[{"href":"https:\/\/casadelllibre.anamarnatural.com\/index.php\/wp-json\/wp\/v2\/media?parent=2001"}],"wp:term":[{"taxonomy":"product_brand","embeddable":true,"href":"https:\/\/casadelllibre.anamarnatural.com\/index.php\/wp-json\/wp\/v2\/product_brand?post=2001"},{"taxonomy":"product_cat","embeddable":true,"href":"https:\/\/casadelllibre.anamarnatural.com\/index.php\/wp-json\/wp\/v2\/product_cat?post=2001"},{"taxonomy":"product_tag","embeddable":true,"href":"https:\/\/casadelllibre.anamarnatural.com\/index.php\/wp-json\/wp\/v2\/product_tag?post=2001"}],"curies":[{"name":"wp","href":"https:\/\/api.w.org\/{rel}","templated":true}]}}