{"id":201,"date":"2023-04-23T08:59:28","date_gmt":"2023-04-23T08:59:28","guid":{"rendered":"https:\/\/casadelllibre.anamarnatural.com\/index.php\/producto\/conte-en-catala-la-girafa-que-no-podia-deixar-de-mirar-la-lluna-conte-infantil-en-catala-amb-animals-sobre-la-importancia-de-lamistat-per-a-nens-i-nenes-de-2-a-5-anys\/"},"modified":"2025-06-03T12:00:52","modified_gmt":"2025-06-03T12:00:52","slug":"conte-en-catala-la-girafa-que-no-podia-deixar-de-mirar-la-lluna-conte-infantil-en-catala-amb-animals-sobre-la-importancia-de-lamistat-per-a-nens-i-nenes-de-2-a-5-anys","status":"publish","type":"product","link":"https:\/\/casadelllibre.anamarnatural.com\/index.php\/producto\/conte-en-catala-la-girafa-que-no-podia-deixar-de-mirar-la-lluna-conte-infantil-en-catala-amb-animals-sobre-la-importancia-de-lamistat-per-a-nens-i-nenes-de-2-a-5-anys\/","title":{"rendered":"Conte en Catal\u00e0 La Girafa que no podia deixar de mirar la Lluna: Conte Infantil en Catal\u00e0 amb Animals sobre la Import\u00e0ncia de l&#8217;Amistat per a Nens i Nenes de 2 a 5 Anys"},"content":{"rendered":"","protected":false},"excerpt":{"rendered":"","protected":false},"featured_media":200,"comment_status":"open","ping_status":"closed","template":"","meta":[],"product_brand":[],"product_cat":[15],"product_tag":[],"class_list":{"0":"post-201","1":"product","2":"type-product","3":"status-publish","4":"has-post-thumbnail","6":"product_cat-sin-categorizar","8":"first","9":"instock","10":"taxable","11":"shipping-taxable","12":"product-type-external"},"jetpack_sharing_enabled":true,"_links":{"self":[{"href":"https:\/\/casadelllibre.anamarnatural.com\/index.php\/wp-json\/wp\/v2\/product\/201","targetHints":{"allow":["GET"]}}],"collection":[{"href":"https:\/\/casadelllibre.anamarnatural.com\/index.php\/wp-json\/wp\/v2\/product"}],"about":[{"href":"https:\/\/casadelllibre.anamarnatural.com\/index.php\/wp-json\/wp\/v2\/types\/product"}],"replies":[{"embeddable":true,"href":"https:\/\/casadelllibre.anamarnatural.com\/index.php\/wp-json\/wp\/v2\/comments?post=201"}],"wp:featuredmedia":[{"embeddable":true,"href":"https:\/\/casadelllibre.anamarnatural.com\/index.php\/wp-json\/wp\/v2\/media\/200"}],"wp:attachment":[{"href":"https:\/\/casadelllibre.anamarnatural.com\/index.php\/wp-json\/wp\/v2\/media?parent=201"}],"wp:term":[{"taxonomy":"product_brand","embeddable":true,"href":"https:\/\/casadelllibre.anamarnatural.com\/index.php\/wp-json\/wp\/v2\/product_brand?post=201"},{"taxonomy":"product_cat","embeddable":true,"href":"https:\/\/casadelllibre.anamarnatural.com\/index.php\/wp-json\/wp\/v2\/product_cat?post=201"},{"taxonomy":"product_tag","embeddable":true,"href":"https:\/\/casadelllibre.anamarnatural.com\/index.php\/wp-json\/wp\/v2\/product_tag?post=201"}],"curies":[{"name":"wp","href":"https:\/\/api.w.org\/{rel}","templated":true}]}}