{"id":2011,"date":"2025-02-04T10:02:36","date_gmt":"2025-02-04T10:02:36","guid":{"rendered":"https:\/\/casadelllibre.anamarnatural.com\/index.php\/producto\/mentida-narracion-en-catalan-premio-edebe-de-literatura-juvenil-2015-premio-edebe\/"},"modified":"2025-02-04T10:02:36","modified_gmt":"2025-02-04T10:02:36","slug":"mentida-narracion-en-catalan-premio-edebe-de-literatura-juvenil-2015-premio-edebe","status":"publish","type":"product","link":"https:\/\/casadelllibre.anamarnatural.com\/index.php\/producto\/mentida-narracion-en-catalan-premio-edebe-de-literatura-juvenil-2015-premio-edebe\/","title":{"rendered":"Mentida (Narraci\u00f3n en Catal\u00e1n): Premio Edeb\u00e9 de literatura Juvenil 2015 (Premio Edeb\u00e9)"},"content":{"rendered":"<p>&#8211; Mentida (Narrativa Catalana): Premio Edeb\u00e9 de Literatura Juvenil 2015 (Premio Edeb\u00e9)<br \/>\n&#8211; Tipo de producto: DOWNLOADABLE_AUDIO<br \/>\n&#8211; Marca: Audible<\/p>\n","protected":false},"excerpt":{"rendered":"<p>&#8211; Mentida (Narrativa Catalana): Premio Edeb\u00e9 de Literatura Juvenil 2015 (Premio Edeb\u00e9) &#8211; Tipo de producto: DOWNLOADABLE_AUDIO &#8211; Marca: Audible<\/p>\n","protected":false},"featured_media":2010,"comment_status":"open","ping_status":"closed","template":"","meta":[],"product_brand":[],"product_cat":[15],"product_tag":[],"class_list":{"0":"post-2011","1":"product","2":"type-product","3":"status-publish","4":"has-post-thumbnail","6":"product_cat-sin-categorizar","8":"first","9":"instock","10":"taxable","11":"shipping-taxable","12":"product-type-external"},"jetpack_sharing_enabled":true,"_links":{"self":[{"href":"https:\/\/casadelllibre.anamarnatural.com\/index.php\/wp-json\/wp\/v2\/product\/2011","targetHints":{"allow":["GET"]}}],"collection":[{"href":"https:\/\/casadelllibre.anamarnatural.com\/index.php\/wp-json\/wp\/v2\/product"}],"about":[{"href":"https:\/\/casadelllibre.anamarnatural.com\/index.php\/wp-json\/wp\/v2\/types\/product"}],"replies":[{"embeddable":true,"href":"https:\/\/casadelllibre.anamarnatural.com\/index.php\/wp-json\/wp\/v2\/comments?post=2011"}],"wp:featuredmedia":[{"embeddable":true,"href":"https:\/\/casadelllibre.anamarnatural.com\/index.php\/wp-json\/wp\/v2\/media\/2010"}],"wp:attachment":[{"href":"https:\/\/casadelllibre.anamarnatural.com\/index.php\/wp-json\/wp\/v2\/media?parent=2011"}],"wp:term":[{"taxonomy":"product_brand","embeddable":true,"href":"https:\/\/casadelllibre.anamarnatural.com\/index.php\/wp-json\/wp\/v2\/product_brand?post=2011"},{"taxonomy":"product_cat","embeddable":true,"href":"https:\/\/casadelllibre.anamarnatural.com\/index.php\/wp-json\/wp\/v2\/product_cat?post=2011"},{"taxonomy":"product_tag","embeddable":true,"href":"https:\/\/casadelllibre.anamarnatural.com\/index.php\/wp-json\/wp\/v2\/product_tag?post=2011"}],"curies":[{"name":"wp","href":"https:\/\/api.w.org\/{rel}","templated":true}]}}