{"id":2036,"date":"2025-03-06T18:00:47","date_gmt":"2025-03-06T18:00:47","guid":{"rendered":"https:\/\/casadelllibre.anamarnatural.com\/index.php\/producto\/la-bruna-i-el-bru-4-leric-te-una-rebequeria-una-historia-de-lautora-de-geronimo-stilton-emocions-valors-i-habits\/"},"modified":"2025-03-06T18:00:47","modified_gmt":"2025-03-06T18:00:47","slug":"la-bruna-i-el-bru-4-leric-te-una-rebequeria-una-historia-de-lautora-de-geronimo-stilton-emocions-valors-i-habits","status":"publish","type":"product","link":"https:\/\/casadelllibre.anamarnatural.com\/index.php\/producto\/la-bruna-i-el-bru-4-leric-te-una-rebequeria-una-historia-de-lautora-de-geronimo-stilton-emocions-valors-i-habits\/","title":{"rendered":"La Bruna i el Bru 4 &#8211; L&#8217;\u00c8ric t\u00e9 una rebequeria: Una hist\u00f2ria de l&#8217;autora de Geronimo Stilton (Emocions, valors i h\u00e0bits)"},"content":{"rendered":"","protected":false},"excerpt":{"rendered":"","protected":false},"featured_media":2035,"comment_status":"open","ping_status":"closed","template":"","meta":[],"product_brand":[],"product_cat":[15],"product_tag":[],"class_list":{"0":"post-2036","1":"product","2":"type-product","3":"status-publish","4":"has-post-thumbnail","6":"product_cat-sin-categorizar","8":"first","9":"instock","10":"sale","11":"taxable","12":"shipping-taxable","13":"product-type-external"},"jetpack_sharing_enabled":true,"_links":{"self":[{"href":"https:\/\/casadelllibre.anamarnatural.com\/index.php\/wp-json\/wp\/v2\/product\/2036","targetHints":{"allow":["GET"]}}],"collection":[{"href":"https:\/\/casadelllibre.anamarnatural.com\/index.php\/wp-json\/wp\/v2\/product"}],"about":[{"href":"https:\/\/casadelllibre.anamarnatural.com\/index.php\/wp-json\/wp\/v2\/types\/product"}],"replies":[{"embeddable":true,"href":"https:\/\/casadelllibre.anamarnatural.com\/index.php\/wp-json\/wp\/v2\/comments?post=2036"}],"wp:featuredmedia":[{"embeddable":true,"href":"https:\/\/casadelllibre.anamarnatural.com\/index.php\/wp-json\/wp\/v2\/media\/2035"}],"wp:attachment":[{"href":"https:\/\/casadelllibre.anamarnatural.com\/index.php\/wp-json\/wp\/v2\/media?parent=2036"}],"wp:term":[{"taxonomy":"product_brand","embeddable":true,"href":"https:\/\/casadelllibre.anamarnatural.com\/index.php\/wp-json\/wp\/v2\/product_brand?post=2036"},{"taxonomy":"product_cat","embeddable":true,"href":"https:\/\/casadelllibre.anamarnatural.com\/index.php\/wp-json\/wp\/v2\/product_cat?post=2036"},{"taxonomy":"product_tag","embeddable":true,"href":"https:\/\/casadelllibre.anamarnatural.com\/index.php\/wp-json\/wp\/v2\/product_tag?post=2036"}],"curies":[{"name":"wp","href":"https:\/\/api.w.org\/{rel}","templated":true}]}}