{"id":2048,"date":"2025-03-12T13:00:41","date_gmt":"2025-03-12T13:00:41","guid":{"rendered":"https:\/\/casadelllibre.anamarnatural.com\/index.php\/producto\/samarreta-millors-insults-renecs-en-catala-palabras-catalan-camiseta\/"},"modified":"2025-03-12T13:00:41","modified_gmt":"2025-03-12T13:00:41","slug":"samarreta-millors-insults-renecs-en-catala-palabras-catalan-camiseta","status":"publish","type":"product","link":"https:\/\/casadelllibre.anamarnatural.com\/index.php\/producto\/samarreta-millors-insults-renecs-en-catala-palabras-catalan-camiseta\/","title":{"rendered":"Samarreta millors insults renecs en catal\u00e0 palabras catal\u00e1n Camiseta"},"content":{"rendered":"<p>&#8211; Regalo original para los amantes de la lengua y la cultura catalanas. Els millors insults i renecs de la Llgua Catal\u00e1n, Catal\u00e1n. Perfecto para padres, madres, padres, madres o abuelos en el d\u00eda del padre, d\u00eda de la madre, Navidad, reyes o cumplea\u00f1os.<br \/>\n&#8211; Divertido dise\u00f1o en catal\u00e1n para los fans de Catalu\u00f1a o Catalu\u00f1a. Dise\u00f1o de collage de paraules dels renecs o insults mes fets anar en la llengua catalana. Palabras graciosas inventario general de renecs en catal\u00e1n. Samarretta insulta a Catal\u00e0.<br \/>\n&#8211; Ligero, Encaje clasico, Manga de doble puntada y bastilla baja<\/p>\n","protected":false},"excerpt":{"rendered":"<p>&#8211; Regalo original para los amantes de la lengua y la cultura catalanas. Els millors insults i renecs de la Llgua Catal\u00e1n, Catal\u00e1n. Perfecto para padres, madres, padres, madres o abuelos en el d\u00eda del padre, d\u00eda de la madre, Navidad, reyes o cumplea\u00f1os. &#8211; Divertido dise\u00f1o en catal\u00e1n para los fans de Catalu\u00f1a o [&hellip;]<\/p>\n","protected":false},"featured_media":2047,"comment_status":"open","ping_status":"closed","template":"","meta":[],"product_brand":[],"product_cat":[15],"product_tag":[],"class_list":{"0":"post-2048","1":"product","2":"type-product","3":"status-publish","4":"has-post-thumbnail","6":"product_cat-sin-categorizar","8":"first","9":"instock","10":"taxable","11":"shipping-taxable","12":"product-type-external"},"jetpack_sharing_enabled":true,"_links":{"self":[{"href":"https:\/\/casadelllibre.anamarnatural.com\/index.php\/wp-json\/wp\/v2\/product\/2048","targetHints":{"allow":["GET"]}}],"collection":[{"href":"https:\/\/casadelllibre.anamarnatural.com\/index.php\/wp-json\/wp\/v2\/product"}],"about":[{"href":"https:\/\/casadelllibre.anamarnatural.com\/index.php\/wp-json\/wp\/v2\/types\/product"}],"replies":[{"embeddable":true,"href":"https:\/\/casadelllibre.anamarnatural.com\/index.php\/wp-json\/wp\/v2\/comments?post=2048"}],"wp:featuredmedia":[{"embeddable":true,"href":"https:\/\/casadelllibre.anamarnatural.com\/index.php\/wp-json\/wp\/v2\/media\/2047"}],"wp:attachment":[{"href":"https:\/\/casadelllibre.anamarnatural.com\/index.php\/wp-json\/wp\/v2\/media?parent=2048"}],"wp:term":[{"taxonomy":"product_brand","embeddable":true,"href":"https:\/\/casadelllibre.anamarnatural.com\/index.php\/wp-json\/wp\/v2\/product_brand?post=2048"},{"taxonomy":"product_cat","embeddable":true,"href":"https:\/\/casadelllibre.anamarnatural.com\/index.php\/wp-json\/wp\/v2\/product_cat?post=2048"},{"taxonomy":"product_tag","embeddable":true,"href":"https:\/\/casadelllibre.anamarnatural.com\/index.php\/wp-json\/wp\/v2\/product_tag?post=2048"}],"curies":[{"name":"wp","href":"https:\/\/api.w.org\/{rel}","templated":true}]}}