{"id":2068,"date":"2025-03-24T08:00:41","date_gmt":"2025-03-24T08:00:41","guid":{"rendered":"https:\/\/casadelllibre.anamarnatural.com\/index.php\/producto\/ikigai-y-la-filosofia-japonesa-10-libros-en-1-un-recorrido-integral-de-autodescubrimiento-mediante-el-arte-y-la-sabiduria-oriental-orientado-al-bienestar-fisico-y-espiritual-ejercicios-practicos\/"},"modified":"2025-03-24T08:00:41","modified_gmt":"2025-03-24T08:00:41","slug":"ikigai-y-la-filosofia-japonesa-10-libros-en-1-un-recorrido-integral-de-autodescubrimiento-mediante-el-arte-y-la-sabiduria-oriental-orientado-al-bienestar-fisico-y-espiritual-ejercicios-practicos","status":"publish","type":"product","link":"https:\/\/casadelllibre.anamarnatural.com\/index.php\/producto\/ikigai-y-la-filosofia-japonesa-10-libros-en-1-un-recorrido-integral-de-autodescubrimiento-mediante-el-arte-y-la-sabiduria-oriental-orientado-al-bienestar-fisico-y-espiritual-ejercicios-practicos\/","title":{"rendered":"IKIGAI Y LA FILOSOF\u00cdA JAPONESA: 10 LIBROS EN 1: Un Recorrido integral de Autodescubrimiento mediante el Arte y la Sabidur\u00eda Oriental, orientado al Bienestar F\u00edsico y Espiritual + EJERCICIOS PR\u00c1CTICOS"},"content":{"rendered":"","protected":false},"excerpt":{"rendered":"","protected":false},"featured_media":2067,"comment_status":"open","ping_status":"closed","template":"","meta":[],"product_brand":[],"product_cat":[15],"product_tag":[],"class_list":{"0":"post-2068","1":"product","2":"type-product","3":"status-publish","4":"has-post-thumbnail","6":"product_cat-sin-categorizar","8":"first","9":"instock","10":"taxable","11":"shipping-taxable","12":"product-type-external"},"jetpack_sharing_enabled":true,"_links":{"self":[{"href":"https:\/\/casadelllibre.anamarnatural.com\/index.php\/wp-json\/wp\/v2\/product\/2068","targetHints":{"allow":["GET"]}}],"collection":[{"href":"https:\/\/casadelllibre.anamarnatural.com\/index.php\/wp-json\/wp\/v2\/product"}],"about":[{"href":"https:\/\/casadelllibre.anamarnatural.com\/index.php\/wp-json\/wp\/v2\/types\/product"}],"replies":[{"embeddable":true,"href":"https:\/\/casadelllibre.anamarnatural.com\/index.php\/wp-json\/wp\/v2\/comments?post=2068"}],"wp:featuredmedia":[{"embeddable":true,"href":"https:\/\/casadelllibre.anamarnatural.com\/index.php\/wp-json\/wp\/v2\/media\/2067"}],"wp:attachment":[{"href":"https:\/\/casadelllibre.anamarnatural.com\/index.php\/wp-json\/wp\/v2\/media?parent=2068"}],"wp:term":[{"taxonomy":"product_brand","embeddable":true,"href":"https:\/\/casadelllibre.anamarnatural.com\/index.php\/wp-json\/wp\/v2\/product_brand?post=2068"},{"taxonomy":"product_cat","embeddable":true,"href":"https:\/\/casadelllibre.anamarnatural.com\/index.php\/wp-json\/wp\/v2\/product_cat?post=2068"},{"taxonomy":"product_tag","embeddable":true,"href":"https:\/\/casadelllibre.anamarnatural.com\/index.php\/wp-json\/wp\/v2\/product_tag?post=2068"}],"curies":[{"name":"wp","href":"https:\/\/api.w.org\/{rel}","templated":true}]}}