{"id":2078,"date":"2025-03-28T06:00:34","date_gmt":"2025-03-28T06:00:34","guid":{"rendered":"https:\/\/casadelllibre.anamarnatural.com\/index.php\/producto\/dohe-libro-de-subcontratacion-castellano-y-catalan-tamano-a4-apaisado-21x297-cm-10-hojas-numeradas-y-autocopiativas-material-de-oficina\/"},"modified":"2025-03-28T06:00:34","modified_gmt":"2025-03-28T06:00:34","slug":"dohe-libro-de-subcontratacion-castellano-y-catalan-tamano-a4-apaisado-21x297-cm-10-hojas-numeradas-y-autocopiativas-material-de-oficina","status":"publish","type":"product","link":"https:\/\/casadelllibre.anamarnatural.com\/index.php\/producto\/dohe-libro-de-subcontratacion-castellano-y-catalan-tamano-a4-apaisado-21x297-cm-10-hojas-numeradas-y-autocopiativas-material-de-oficina\/","title":{"rendered":"Dohe &#8211; Libro de subcontrataci\u00f3n &#8211; Castellano y Catal\u00e1n &#8211; Tama\u00f1o A4 apaisado (21&#215;29,7 cm) &#8211; 10 hojas numeradas y autocopiativas &#8211; Material de oficina"},"content":{"rendered":"<p>&#8211; Tama\u00f1o A4 (21&#215;29,7 cm)<br \/>\n&#8211; 10 hojas numeradas y autocopiativas<br \/>\n&#8211; Idiomas: Castellano y Catal\u00e1n<br \/>\n&#8211; 0<\/p>\n","protected":false},"excerpt":{"rendered":"<p>&#8211; Tama\u00f1o A4 (21&#215;29,7 cm) &#8211; 10 hojas numeradas y autocopiativas &#8211; Idiomas: Castellano y Catal\u00e1n &#8211; 0<\/p>\n","protected":false},"featured_media":2077,"comment_status":"open","ping_status":"closed","template":"","meta":[],"product_brand":[],"product_cat":[15],"product_tag":[],"class_list":{"0":"post-2078","1":"product","2":"type-product","3":"status-publish","4":"has-post-thumbnail","6":"product_cat-sin-categorizar","8":"first","9":"instock","10":"sale","11":"taxable","12":"shipping-taxable","13":"product-type-external"},"jetpack_sharing_enabled":true,"_links":{"self":[{"href":"https:\/\/casadelllibre.anamarnatural.com\/index.php\/wp-json\/wp\/v2\/product\/2078","targetHints":{"allow":["GET"]}}],"collection":[{"href":"https:\/\/casadelllibre.anamarnatural.com\/index.php\/wp-json\/wp\/v2\/product"}],"about":[{"href":"https:\/\/casadelllibre.anamarnatural.com\/index.php\/wp-json\/wp\/v2\/types\/product"}],"replies":[{"embeddable":true,"href":"https:\/\/casadelllibre.anamarnatural.com\/index.php\/wp-json\/wp\/v2\/comments?post=2078"}],"wp:featuredmedia":[{"embeddable":true,"href":"https:\/\/casadelllibre.anamarnatural.com\/index.php\/wp-json\/wp\/v2\/media\/2077"}],"wp:attachment":[{"href":"https:\/\/casadelllibre.anamarnatural.com\/index.php\/wp-json\/wp\/v2\/media?parent=2078"}],"wp:term":[{"taxonomy":"product_brand","embeddable":true,"href":"https:\/\/casadelllibre.anamarnatural.com\/index.php\/wp-json\/wp\/v2\/product_brand?post=2078"},{"taxonomy":"product_cat","embeddable":true,"href":"https:\/\/casadelllibre.anamarnatural.com\/index.php\/wp-json\/wp\/v2\/product_cat?post=2078"},{"taxonomy":"product_tag","embeddable":true,"href":"https:\/\/casadelllibre.anamarnatural.com\/index.php\/wp-json\/wp\/v2\/product_tag?post=2078"}],"curies":[{"name":"wp","href":"https:\/\/api.w.org\/{rel}","templated":true}]}}