{"id":2292,"date":"2025-06-16T22:02:15","date_gmt":"2025-06-16T22:02:15","guid":{"rendered":"https:\/\/casadelllibre.anamarnatural.com\/index.php\/producto\/los-compas-9-los-compas-i-el-despertar-de-la-momia-lectors-avancats-idioma-del-libro-catalan\/"},"modified":"2025-06-16T22:02:15","modified_gmt":"2025-06-16T22:02:15","slug":"los-compas-9-los-compas-i-el-despertar-de-la-momia-lectors-avancats-idioma-del-libro-catalan","status":"publish","type":"product","link":"https:\/\/casadelllibre.anamarnatural.com\/index.php\/producto\/los-compas-9-los-compas-i-el-despertar-de-la-momia-lectors-avancats-idioma-del-libro-catalan\/","title":{"rendered":"Los Compas 9. Los Compas i el despertar de la m\u00f2mia (Lectors avan\u00e7ats) Idioma del libro: catal\u00e1n"},"content":{"rendered":"<p>&#8211; Los Compas 9. Los Compas i el despertar de la m\u00f2mia<\/p>\n","protected":false},"excerpt":{"rendered":"<p>&#8211; Los Compas 9. Los Compas i el despertar de la m\u00f2mia<\/p>\n","protected":false},"featured_media":2291,"comment_status":"open","ping_status":"closed","template":"","meta":[],"product_brand":[],"product_cat":[15],"product_tag":[],"class_list":{"0":"post-2292","1":"product","2":"type-product","3":"status-publish","4":"has-post-thumbnail","6":"product_cat-sin-categorizar","8":"first","9":"instock","10":"sale","11":"taxable","12":"shipping-taxable","13":"product-type-external"},"jetpack_sharing_enabled":true,"_links":{"self":[{"href":"https:\/\/casadelllibre.anamarnatural.com\/index.php\/wp-json\/wp\/v2\/product\/2292","targetHints":{"allow":["GET"]}}],"collection":[{"href":"https:\/\/casadelllibre.anamarnatural.com\/index.php\/wp-json\/wp\/v2\/product"}],"about":[{"href":"https:\/\/casadelllibre.anamarnatural.com\/index.php\/wp-json\/wp\/v2\/types\/product"}],"replies":[{"embeddable":true,"href":"https:\/\/casadelllibre.anamarnatural.com\/index.php\/wp-json\/wp\/v2\/comments?post=2292"}],"wp:featuredmedia":[{"embeddable":true,"href":"https:\/\/casadelllibre.anamarnatural.com\/index.php\/wp-json\/wp\/v2\/media\/2291"}],"wp:attachment":[{"href":"https:\/\/casadelllibre.anamarnatural.com\/index.php\/wp-json\/wp\/v2\/media?parent=2292"}],"wp:term":[{"taxonomy":"product_brand","embeddable":true,"href":"https:\/\/casadelllibre.anamarnatural.com\/index.php\/wp-json\/wp\/v2\/product_brand?post=2292"},{"taxonomy":"product_cat","embeddable":true,"href":"https:\/\/casadelllibre.anamarnatural.com\/index.php\/wp-json\/wp\/v2\/product_cat?post=2292"},{"taxonomy":"product_tag","embeddable":true,"href":"https:\/\/casadelllibre.anamarnatural.com\/index.php\/wp-json\/wp\/v2\/product_tag?post=2292"}],"curies":[{"name":"wp","href":"https:\/\/api.w.org\/{rel}","templated":true}]}}