{"id":2322,"date":"2025-06-28T20:03:36","date_gmt":"2025-06-28T20:03:36","guid":{"rendered":"https:\/\/casadelllibre.anamarnatural.com\/index.php\/producto\/desigs-de-felicitat-les-citacions-mes-boniques-dantoine-de-saint-exupery-catala-adults-llibres-singulars-antoine-de-saint-exupery\/"},"modified":"2025-06-28T20:03:36","modified_gmt":"2025-06-28T20:03:36","slug":"desigs-de-felicitat-les-citacions-mes-boniques-dantoine-de-saint-exupery-catala-adults-llibres-singulars-antoine-de-saint-exupery","status":"publish","type":"product","link":"https:\/\/casadelllibre.anamarnatural.com\/index.php\/producto\/desigs-de-felicitat-les-citacions-mes-boniques-dantoine-de-saint-exupery-catala-adults-llibres-singulars-antoine-de-saint-exupery\/","title":{"rendered":"Desigs de felicitat: Les citacions m\u00e9s boniques d&#8217;Antoine de Saint-Exup\u00e9ry (Catal\u00e1 &#8211; ADULTS &#8211; LLIBRES SINGULARS &#8211; Antoine de Saint-Exup\u00e9ry)"},"content":{"rendered":"","protected":false},"excerpt":{"rendered":"","protected":false},"featured_media":2321,"comment_status":"open","ping_status":"closed","template":"","meta":[],"product_brand":[],"product_cat":[15],"product_tag":[],"class_list":{"0":"post-2322","1":"product","2":"type-product","3":"status-publish","4":"has-post-thumbnail","6":"product_cat-sin-categorizar","8":"first","9":"instock","10":"taxable","11":"shipping-taxable","12":"product-type-external"},"jetpack_sharing_enabled":true,"_links":{"self":[{"href":"https:\/\/casadelllibre.anamarnatural.com\/index.php\/wp-json\/wp\/v2\/product\/2322","targetHints":{"allow":["GET"]}}],"collection":[{"href":"https:\/\/casadelllibre.anamarnatural.com\/index.php\/wp-json\/wp\/v2\/product"}],"about":[{"href":"https:\/\/casadelllibre.anamarnatural.com\/index.php\/wp-json\/wp\/v2\/types\/product"}],"replies":[{"embeddable":true,"href":"https:\/\/casadelllibre.anamarnatural.com\/index.php\/wp-json\/wp\/v2\/comments?post=2322"}],"wp:featuredmedia":[{"embeddable":true,"href":"https:\/\/casadelllibre.anamarnatural.com\/index.php\/wp-json\/wp\/v2\/media\/2321"}],"wp:attachment":[{"href":"https:\/\/casadelllibre.anamarnatural.com\/index.php\/wp-json\/wp\/v2\/media?parent=2322"}],"wp:term":[{"taxonomy":"product_brand","embeddable":true,"href":"https:\/\/casadelllibre.anamarnatural.com\/index.php\/wp-json\/wp\/v2\/product_brand?post=2322"},{"taxonomy":"product_cat","embeddable":true,"href":"https:\/\/casadelllibre.anamarnatural.com\/index.php\/wp-json\/wp\/v2\/product_cat?post=2322"},{"taxonomy":"product_tag","embeddable":true,"href":"https:\/\/casadelllibre.anamarnatural.com\/index.php\/wp-json\/wp\/v2\/product_tag?post=2322"}],"curies":[{"name":"wp","href":"https:\/\/api.w.org\/{rel}","templated":true}]}}