{"id":2530,"date":"2025-09-16T06:00:23","date_gmt":"2025-09-16T06:00:23","guid":{"rendered":"https:\/\/casadelllibre.anamarnatural.com\/index.php\/producto\/thinkfun-lletra-a-lletra-joc-de-taula-catala-juegos-de-mesa-ninos-10-anos-o-mas-juego-de-mesa-10-anos-de-2-a-5-jugadores-regalo-nino-y-nina-juegos-cartas-ninos\/"},"modified":"2025-09-16T06:00:23","modified_gmt":"2025-09-16T06:00:23","slug":"thinkfun-lletra-a-lletra-joc-de-taula-catala-juegos-de-mesa-ninos-10-anos-o-mas-juego-de-mesa-10-anos-de-2-a-5-jugadores-regalo-nino-y-nina-juegos-cartas-ninos","status":"publish","type":"product","link":"https:\/\/casadelllibre.anamarnatural.com\/index.php\/producto\/thinkfun-lletra-a-lletra-joc-de-taula-catala-juegos-de-mesa-ninos-10-anos-o-mas-juego-de-mesa-10-anos-de-2-a-5-jugadores-regalo-nino-y-nina-juegos-cartas-ninos\/","title":{"rendered":"ThinkFun &#8211; Lletra a Lletra JOC de Taula Catal\u00e0 | Juegos de Mesa Ni\u00f1os 10 A\u00f1os o M\u00e1s | Juego de Mesa 10 A\u00f1os de 2 a 5 Jugadores | Regalo Ni\u00f1o y Ni\u00f1a | Juegos Cartas Ni\u00f1os"},"content":{"rendered":"<p>&#8211; JUEGOS EDUCATIVOS Y DIVERTIDOS: Letra a Letra es un juego de mesa ideal para desarrollar habilidades ling\u00fc\u00edsticas de forma l\u00fadica. Dise\u00f1ado para estimular el aprendizaje, es perfecto como juego educativo y como opci\u00f3n de juegos infantiles para casa o clase.<br \/>\n&#8211; JUEGO DE CARTAS PARA APRENDER PALABRAS: Los jugadores deben reconocer y leer palabras en catalan dentro de un c\u00edrculo, lo que lo convierte en un excelente juego de cartas para ni\u00f1os y una opci\u00f3n original dentro de los juegos de mesa ni\u00f1os 10 a\u00f1os.<br \/>\n&#8211; R\u00c1PIDO Y COMPETITIVO: Descifra primero la palabra en el c\u00edrculo negro, gira la carta para ver el color, \u00a1y todos deben leer la palabra de ese color en la siguiente carta! Una din\u00e1mica que encanta en los juegos ni\u00f1os 10 a 12 a\u00f1os, perfecta para estimular la agilidad mental.<br \/>\n&#8211; IDEAL COMO REGALO NI\u00d1O 10 A\u00d1OS: Incluye 100 cartas con 300 palabras e instrucciones. Un juego mesa port\u00e1til y f\u00e1cil de llevar, recomendado como juegos de viaje, juego cartas ni\u00f1os, o como idea de regalos para ni\u00f1as de 10 a\u00f1os y regalos ni\u00f1os 10 a\u00f1os.<br \/>\n&#8211; DESCUBRE M\u00c1S JUEGOS DE MESA THINKFUN: Con Letra a Letra y otros t\u00edtulos de ThinkFun, disfrutar\u00e1s de juegos de mesa innovadores, creativos y perfectos para compartir en familia. \u00a1Diversi\u00f3n asegurada con los mejores juegos mesa 10 a\u00f1os y juegos para ni\u00f1os!<\/p>\n","protected":false},"excerpt":{"rendered":"<p>&#8211; JUEGOS EDUCATIVOS Y DIVERTIDOS: Letra a Letra es un juego de mesa ideal para desarrollar habilidades ling\u00fc\u00edsticas de forma l\u00fadica. Dise\u00f1ado para estimular el aprendizaje, es perfecto como juego educativo y como opci\u00f3n de juegos infantiles para casa o clase. &#8211; JUEGO DE CARTAS PARA APRENDER PALABRAS: Los jugadores deben reconocer y leer palabras [&hellip;]<\/p>\n","protected":false},"featured_media":2529,"comment_status":"open","ping_status":"closed","template":"","meta":[],"product_brand":[],"product_cat":[15],"product_tag":[],"class_list":{"0":"post-2530","1":"product","2":"type-product","3":"status-publish","4":"has-post-thumbnail","6":"product_cat-sin-categorizar","8":"first","9":"instock","10":"taxable","11":"shipping-taxable","12":"product-type-external"},"jetpack_sharing_enabled":true,"_links":{"self":[{"href":"https:\/\/casadelllibre.anamarnatural.com\/index.php\/wp-json\/wp\/v2\/product\/2530","targetHints":{"allow":["GET"]}}],"collection":[{"href":"https:\/\/casadelllibre.anamarnatural.com\/index.php\/wp-json\/wp\/v2\/product"}],"about":[{"href":"https:\/\/casadelllibre.anamarnatural.com\/index.php\/wp-json\/wp\/v2\/types\/product"}],"replies":[{"embeddable":true,"href":"https:\/\/casadelllibre.anamarnatural.com\/index.php\/wp-json\/wp\/v2\/comments?post=2530"}],"wp:featuredmedia":[{"embeddable":true,"href":"https:\/\/casadelllibre.anamarnatural.com\/index.php\/wp-json\/wp\/v2\/media\/2529"}],"wp:attachment":[{"href":"https:\/\/casadelllibre.anamarnatural.com\/index.php\/wp-json\/wp\/v2\/media?parent=2530"}],"wp:term":[{"taxonomy":"product_brand","embeddable":true,"href":"https:\/\/casadelllibre.anamarnatural.com\/index.php\/wp-json\/wp\/v2\/product_brand?post=2530"},{"taxonomy":"product_cat","embeddable":true,"href":"https:\/\/casadelllibre.anamarnatural.com\/index.php\/wp-json\/wp\/v2\/product_cat?post=2530"},{"taxonomy":"product_tag","embeddable":true,"href":"https:\/\/casadelllibre.anamarnatural.com\/index.php\/wp-json\/wp\/v2\/product_tag?post=2530"}],"curies":[{"name":"wp","href":"https:\/\/api.w.org\/{rel}","templated":true}]}}