{"id":2576,"date":"2025-10-21T00:00:29","date_gmt":"2025-10-21T00:00:29","guid":{"rendered":"https:\/\/casadelllibre.anamarnatural.com\/index.php\/producto\/africa-blanch-i-el-misteri-de-la-gravetat-perduda-1-un-llibre-infantil-i-juvenil-daventures-fantasia-ciencia-i-un-viatge-en-el-temps-per-a-nens-magia-i-misteri-catala-catalan-ed\/"},"modified":"2025-10-21T00:00:29","modified_gmt":"2025-10-21T00:00:29","slug":"africa-blanch-i-el-misteri-de-la-gravetat-perduda-1-un-llibre-infantil-i-juvenil-daventures-fantasia-ciencia-i-un-viatge-en-el-temps-per-a-nens-magia-i-misteri-catala-catalan-ed","status":"publish","type":"product","link":"https:\/\/casadelllibre.anamarnatural.com\/index.php\/producto\/africa-blanch-i-el-misteri-de-la-gravetat-perduda-1-un-llibre-infantil-i-juvenil-daventures-fantasia-ciencia-i-un-viatge-en-el-temps-per-a-nens-magia-i-misteri-catala-catalan-ed\/","title":{"rendered":"\u00c0frica Blanch i el misteri de la gravetat perduda: 1 &#8211; un llibre infantil i juvenil d\u2019aventures, fantasia, ci\u00e8ncia i un viatge en el temps (per a nens &#8230; M\u00e0gia i Misteri (Catal\u00e0)) (Catalan Edition)"},"content":{"rendered":"","protected":false},"excerpt":{"rendered":"","protected":false},"featured_media":2575,"comment_status":"open","ping_status":"closed","template":"","meta":[],"product_brand":[],"product_cat":[15],"product_tag":[],"class_list":{"0":"post-2576","1":"product","2":"type-product","3":"status-publish","4":"has-post-thumbnail","6":"product_cat-sin-categorizar","8":"first","9":"instock","10":"taxable","11":"shipping-taxable","12":"product-type-external"},"jetpack_sharing_enabled":true,"_links":{"self":[{"href":"https:\/\/casadelllibre.anamarnatural.com\/index.php\/wp-json\/wp\/v2\/product\/2576","targetHints":{"allow":["GET"]}}],"collection":[{"href":"https:\/\/casadelllibre.anamarnatural.com\/index.php\/wp-json\/wp\/v2\/product"}],"about":[{"href":"https:\/\/casadelllibre.anamarnatural.com\/index.php\/wp-json\/wp\/v2\/types\/product"}],"replies":[{"embeddable":true,"href":"https:\/\/casadelllibre.anamarnatural.com\/index.php\/wp-json\/wp\/v2\/comments?post=2576"}],"wp:featuredmedia":[{"embeddable":true,"href":"https:\/\/casadelllibre.anamarnatural.com\/index.php\/wp-json\/wp\/v2\/media\/2575"}],"wp:attachment":[{"href":"https:\/\/casadelllibre.anamarnatural.com\/index.php\/wp-json\/wp\/v2\/media?parent=2576"}],"wp:term":[{"taxonomy":"product_brand","embeddable":true,"href":"https:\/\/casadelllibre.anamarnatural.com\/index.php\/wp-json\/wp\/v2\/product_brand?post=2576"},{"taxonomy":"product_cat","embeddable":true,"href":"https:\/\/casadelllibre.anamarnatural.com\/index.php\/wp-json\/wp\/v2\/product_cat?post=2576"},{"taxonomy":"product_tag","embeddable":true,"href":"https:\/\/casadelllibre.anamarnatural.com\/index.php\/wp-json\/wp\/v2\/product_tag?post=2576"}],"curies":[{"name":"wp","href":"https:\/\/api.w.org\/{rel}","templated":true}]}}