{"id":2658,"date":"2025-11-12T14:00:30","date_gmt":"2025-11-12T14:00:30","guid":{"rendered":"https:\/\/casadelllibre.anamarnatural.com\/index.php\/producto\/aprendre-a-llegir-a-lescola-de-monstres-14-llefiscos-pero-delicios-amb-lletra-majuscula-llibres-per-a-nens-a-partir-de-5-anys-catalan-edition\/"},"modified":"2025-11-12T14:00:30","modified_gmt":"2025-11-12T14:00:30","slug":"aprendre-a-llegir-a-lescola-de-monstres-14-llefiscos-pero-delicios-amb-lletra-majuscula-llibres-per-a-nens-a-partir-de-5-anys-catalan-edition","status":"publish","type":"product","link":"https:\/\/casadelllibre.anamarnatural.com\/index.php\/producto\/aprendre-a-llegir-a-lescola-de-monstres-14-llefiscos-pero-delicios-amb-lletra-majuscula-llibres-per-a-nens-a-partir-de-5-anys-catalan-edition\/","title":{"rendered":"Aprendre a llegir a l&#8217;Escola de Monstres 14 &#8211; Llefisc\u00f3s per\u00f2 delici\u00f3s: Amb lletra MAJ\u00daSCULA (llibres per a nens a partir de 5 anys) (Catalan Edition)"},"content":{"rendered":"","protected":false},"excerpt":{"rendered":"","protected":false},"featured_media":2657,"comment_status":"open","ping_status":"closed","template":"","meta":[],"product_brand":[],"product_cat":[15],"product_tag":[],"class_list":{"0":"post-2658","1":"product","2":"type-product","3":"status-publish","4":"has-post-thumbnail","6":"product_cat-sin-categorizar","8":"first","9":"instock","10":"taxable","11":"shipping-taxable","12":"product-type-external"},"jetpack_sharing_enabled":true,"_links":{"self":[{"href":"https:\/\/casadelllibre.anamarnatural.com\/index.php\/wp-json\/wp\/v2\/product\/2658","targetHints":{"allow":["GET"]}}],"collection":[{"href":"https:\/\/casadelllibre.anamarnatural.com\/index.php\/wp-json\/wp\/v2\/product"}],"about":[{"href":"https:\/\/casadelllibre.anamarnatural.com\/index.php\/wp-json\/wp\/v2\/types\/product"}],"replies":[{"embeddable":true,"href":"https:\/\/casadelllibre.anamarnatural.com\/index.php\/wp-json\/wp\/v2\/comments?post=2658"}],"wp:featuredmedia":[{"embeddable":true,"href":"https:\/\/casadelllibre.anamarnatural.com\/index.php\/wp-json\/wp\/v2\/media\/2657"}],"wp:attachment":[{"href":"https:\/\/casadelllibre.anamarnatural.com\/index.php\/wp-json\/wp\/v2\/media?parent=2658"}],"wp:term":[{"taxonomy":"product_brand","embeddable":true,"href":"https:\/\/casadelllibre.anamarnatural.com\/index.php\/wp-json\/wp\/v2\/product_brand?post=2658"},{"taxonomy":"product_cat","embeddable":true,"href":"https:\/\/casadelllibre.anamarnatural.com\/index.php\/wp-json\/wp\/v2\/product_cat?post=2658"},{"taxonomy":"product_tag","embeddable":true,"href":"https:\/\/casadelllibre.anamarnatural.com\/index.php\/wp-json\/wp\/v2\/product_tag?post=2658"}],"curies":[{"name":"wp","href":"https:\/\/api.w.org\/{rel}","templated":true}]}}