{"id":273,"date":"2023-04-24T19:01:53","date_gmt":"2023-04-24T19:01:53","guid":{"rendered":"https:\/\/casadelllibre.anamarnatural.com\/index.php\/producto\/el-drac-pasqual-descobreix-lantartida-conte-infantil-en-catala-en-lletra-lligada-interactiu-amb-valors-i-divertit-1-el-drac-pasqual-descobreix-el-mon\/"},"modified":"2025-06-03T16:00:40","modified_gmt":"2025-06-03T16:00:40","slug":"el-drac-pasqual-descobreix-lantartida-conte-infantil-en-catala-en-lletra-lligada-interactiu-amb-valors-i-divertit-1-el-drac-pasqual-descobreix-el-mon","status":"publish","type":"product","link":"https:\/\/casadelllibre.anamarnatural.com\/index.php\/producto\/el-drac-pasqual-descobreix-lantartida-conte-infantil-en-catala-en-lletra-lligada-interactiu-amb-valors-i-divertit-1-el-drac-pasqual-descobreix-el-mon\/","title":{"rendered":"El drac Pasqual descobreix l&#8217;Ant\u00e0rtida: Conte infantil en catal\u00e0 en lletra lligada: Interactiu, amb valors i divertit!: 1 (El drac Pasqual descobreix el m\u00f3n)"},"content":{"rendered":"","protected":false},"excerpt":{"rendered":"","protected":false},"featured_media":272,"comment_status":"open","ping_status":"closed","template":"","meta":[],"product_brand":[],"product_cat":[15],"product_tag":[],"class_list":{"0":"post-273","1":"product","2":"type-product","3":"status-publish","4":"has-post-thumbnail","6":"product_cat-sin-categorizar","8":"first","9":"instock","10":"sale","11":"taxable","12":"shipping-taxable","13":"product-type-external"},"jetpack_sharing_enabled":true,"_links":{"self":[{"href":"https:\/\/casadelllibre.anamarnatural.com\/index.php\/wp-json\/wp\/v2\/product\/273","targetHints":{"allow":["GET"]}}],"collection":[{"href":"https:\/\/casadelllibre.anamarnatural.com\/index.php\/wp-json\/wp\/v2\/product"}],"about":[{"href":"https:\/\/casadelllibre.anamarnatural.com\/index.php\/wp-json\/wp\/v2\/types\/product"}],"replies":[{"embeddable":true,"href":"https:\/\/casadelllibre.anamarnatural.com\/index.php\/wp-json\/wp\/v2\/comments?post=273"}],"wp:featuredmedia":[{"embeddable":true,"href":"https:\/\/casadelllibre.anamarnatural.com\/index.php\/wp-json\/wp\/v2\/media\/272"}],"wp:attachment":[{"href":"https:\/\/casadelllibre.anamarnatural.com\/index.php\/wp-json\/wp\/v2\/media?parent=273"}],"wp:term":[{"taxonomy":"product_brand","embeddable":true,"href":"https:\/\/casadelllibre.anamarnatural.com\/index.php\/wp-json\/wp\/v2\/product_brand?post=273"},{"taxonomy":"product_cat","embeddable":true,"href":"https:\/\/casadelllibre.anamarnatural.com\/index.php\/wp-json\/wp\/v2\/product_cat?post=273"},{"taxonomy":"product_tag","embeddable":true,"href":"https:\/\/casadelllibre.anamarnatural.com\/index.php\/wp-json\/wp\/v2\/product_tag?post=273"}],"curies":[{"name":"wp","href":"https:\/\/api.w.org\/{rel}","templated":true}]}}