{"id":353,"date":"2023-04-27T08:01:51","date_gmt":"2023-04-27T08:01:51","guid":{"rendered":"https:\/\/casadelllibre.anamarnatural.com\/index.php\/producto\/canconer-nadalenc-catala-per-a-ukelele-30-nadales-catalanes-amb-partitrues-de-la-melodia-grafica-amb-acords-i-tabs-canconers-nadalencs-catalans-book-1-catalan-edition\/"},"modified":"2023-11-05T05:03:52","modified_gmt":"2023-11-05T05:03:52","slug":"canconer-nadalenc-catala-per-a-ukelele-30-nadales-catalanes-amb-partitrues-de-la-melodia-grafica-amb-acords-i-tabs-canconers-nadalencs-catalans-book-1-catalan-edition","status":"publish","type":"product","link":"https:\/\/casadelllibre.anamarnatural.com\/index.php\/producto\/canconer-nadalenc-catala-per-a-ukelele-30-nadales-catalanes-amb-partitrues-de-la-melodia-grafica-amb-acords-i-tabs-canconers-nadalencs-catalans-book-1-catalan-edition\/","title":{"rendered":"Can\u00e7oner Nadalenc Catal\u00e0 per a Ukelele: 30 Nadales catalanes amb partitrues de la melodia, gr\u00e0fica amb acords i TAB&#8217;s (CAN\u00c7ONERS NADALENCS CATALANS Book 1) (Catalan Edition)"},"content":{"rendered":"","protected":false},"excerpt":{"rendered":"","protected":false},"featured_media":352,"comment_status":"open","ping_status":"closed","template":"","meta":[],"product_brand":[],"product_cat":[15],"product_tag":[],"class_list":{"0":"post-353","1":"product","2":"type-product","3":"status-publish","4":"has-post-thumbnail","6":"product_cat-sin-categorizar","8":"first","9":"instock","10":"taxable","11":"shipping-taxable","12":"product-type-external"},"jetpack_sharing_enabled":true,"_links":{"self":[{"href":"https:\/\/casadelllibre.anamarnatural.com\/index.php\/wp-json\/wp\/v2\/product\/353","targetHints":{"allow":["GET"]}}],"collection":[{"href":"https:\/\/casadelllibre.anamarnatural.com\/index.php\/wp-json\/wp\/v2\/product"}],"about":[{"href":"https:\/\/casadelllibre.anamarnatural.com\/index.php\/wp-json\/wp\/v2\/types\/product"}],"replies":[{"embeddable":true,"href":"https:\/\/casadelllibre.anamarnatural.com\/index.php\/wp-json\/wp\/v2\/comments?post=353"}],"wp:featuredmedia":[{"embeddable":true,"href":"https:\/\/casadelllibre.anamarnatural.com\/index.php\/wp-json\/wp\/v2\/media\/352"}],"wp:attachment":[{"href":"https:\/\/casadelllibre.anamarnatural.com\/index.php\/wp-json\/wp\/v2\/media?parent=353"}],"wp:term":[{"taxonomy":"product_brand","embeddable":true,"href":"https:\/\/casadelllibre.anamarnatural.com\/index.php\/wp-json\/wp\/v2\/product_brand?post=353"},{"taxonomy":"product_cat","embeddable":true,"href":"https:\/\/casadelllibre.anamarnatural.com\/index.php\/wp-json\/wp\/v2\/product_cat?post=353"},{"taxonomy":"product_tag","embeddable":true,"href":"https:\/\/casadelllibre.anamarnatural.com\/index.php\/wp-json\/wp\/v2\/product_tag?post=353"}],"curies":[{"name":"wp","href":"https:\/\/api.w.org\/{rel}","templated":true}]}}