{"id":370,"date":"2023-04-27T09:02:08","date_gmt":"2023-04-27T09:02:08","guid":{"rendered":"https:\/\/casadelllibre.anamarnatural.com\/index.php\/producto\/canconer-nadalenc-per-a-flauta-dolca-30-nadales-catalanes-nivell-basic-canconers-nadalencs-catalans-book-3-catalan-edition\/"},"modified":"2023-11-06T01:04:25","modified_gmt":"2023-11-06T01:04:25","slug":"canconer-nadalenc-per-a-flauta-dolca-30-nadales-catalanes-nivell-basic-canconers-nadalencs-catalans-book-3-catalan-edition","status":"publish","type":"product","link":"https:\/\/casadelllibre.anamarnatural.com\/index.php\/producto\/canconer-nadalenc-per-a-flauta-dolca-30-nadales-catalanes-nivell-basic-canconers-nadalencs-catalans-book-3-catalan-edition\/","title":{"rendered":"Can\u00e7oner nadalenc per a flauta dol\u00e7a: 30 Nadales Catalanes Nivell B\u00e0sic (CAN\u00c7ONERS NADALENCS CATALANS Book 3) (Catalan Edition)"},"content":{"rendered":"","protected":false},"excerpt":{"rendered":"","protected":false},"featured_media":369,"comment_status":"open","ping_status":"closed","template":"","meta":[],"product_brand":[],"product_cat":[15],"product_tag":[],"class_list":{"0":"post-370","1":"product","2":"type-product","3":"status-publish","4":"has-post-thumbnail","6":"product_cat-sin-categorizar","8":"first","9":"instock","10":"taxable","11":"shipping-taxable","12":"product-type-external"},"jetpack_sharing_enabled":true,"_links":{"self":[{"href":"https:\/\/casadelllibre.anamarnatural.com\/index.php\/wp-json\/wp\/v2\/product\/370","targetHints":{"allow":["GET"]}}],"collection":[{"href":"https:\/\/casadelllibre.anamarnatural.com\/index.php\/wp-json\/wp\/v2\/product"}],"about":[{"href":"https:\/\/casadelllibre.anamarnatural.com\/index.php\/wp-json\/wp\/v2\/types\/product"}],"replies":[{"embeddable":true,"href":"https:\/\/casadelllibre.anamarnatural.com\/index.php\/wp-json\/wp\/v2\/comments?post=370"}],"wp:featuredmedia":[{"embeddable":true,"href":"https:\/\/casadelllibre.anamarnatural.com\/index.php\/wp-json\/wp\/v2\/media\/369"}],"wp:attachment":[{"href":"https:\/\/casadelllibre.anamarnatural.com\/index.php\/wp-json\/wp\/v2\/media?parent=370"}],"wp:term":[{"taxonomy":"product_brand","embeddable":true,"href":"https:\/\/casadelllibre.anamarnatural.com\/index.php\/wp-json\/wp\/v2\/product_brand?post=370"},{"taxonomy":"product_cat","embeddable":true,"href":"https:\/\/casadelllibre.anamarnatural.com\/index.php\/wp-json\/wp\/v2\/product_cat?post=370"},{"taxonomy":"product_tag","embeddable":true,"href":"https:\/\/casadelllibre.anamarnatural.com\/index.php\/wp-json\/wp\/v2\/product_tag?post=370"}],"curies":[{"name":"wp","href":"https:\/\/api.w.org\/{rel}","templated":true}]}}