{"id":376,"date":"2023-04-27T12:01:50","date_gmt":"2023-04-27T12:01:50","guid":{"rendered":"https:\/\/casadelllibre.anamarnatural.com\/index.php\/producto\/21-dies-per-enamorar-te-de-tu-desenvolupament-personal-gratitud-benestar-diari-llibre-de-treball-i-planificador-per-estimar-se-a-si-mateix\/"},"modified":"2023-11-05T17:04:22","modified_gmt":"2023-11-05T17:04:22","slug":"21-dies-per-enamorar-te-de-tu-desenvolupament-personal-gratitud-benestar-diari-llibre-de-treball-i-planificador-per-estimar-se-a-si-mateix","status":"publish","type":"product","link":"https:\/\/casadelllibre.anamarnatural.com\/index.php\/producto\/21-dies-per-enamorar-te-de-tu-desenvolupament-personal-gratitud-benestar-diari-llibre-de-treball-i-planificador-per-estimar-se-a-si-mateix\/","title":{"rendered":"21 dies per enamorar-te de tu | Desenvolupament Personal, Gratitud, Benestar, Diari | Llibre de treball i Planificador per Estimar-se a S\u00ed Mateix"},"content":{"rendered":"<p>&#8211; \u2705 21 DIES PER DESCOBRIR-TE: El teu quadern de treball per descobrir-te a tu mateix.<br \/>\n&#8211; \u2705 Desenvolupament personal enfocat a esdevenir la MILLOR VERSI\u00d3 d&#8217;un mateix. Amb aquest repte de 21 dies, aprendr\u00e0s cada dia coses noves que t&#8217;ajudaran a crear un COMPORTAMENT POSITIU. En fer-ho, est\u00e0s fent alguna cosa BO per a tu i per al teu entorn.<br \/>\n&#8211; \u2705 Converteix-te en la teva MILLOR VERSI\u00d3 &#8211; Utilitza els exercicis diaris del teu quadern de treball i fes del teu COMPORTAMENT el teu projecte personal.<br \/>\n&#8211; \u2705 Qualitat per dins i per fora: Llibre de treball \u00fanic fabricat a Alemanya. Cada llibre es lliura per DHL a una caixa de paper blanc i d&#8217;enviament. El quadern de treball de tapa dura en format A5 \u00e9s impr\u00e8s en paper laminat i ecol\u00f2gic de gran durabilitat i cont\u00e9 m\u00e9s de 70 p\u00e0gines.<br \/>\n&#8211; \u2705 REGAL IDEAL: Posa un somriure a la cara del teu \u00e9sser estimat! El regal perfecte per a qualsevol persona que vulgui cr\u00e9ixer personalment, que estigui oberta a coses noves i sempre estigui disposada a un repte. Regala&#8217;t a tu mateix i als altres una VIDA MILLOR!<\/p>\n","protected":false},"excerpt":{"rendered":"<p>&#8211; \u2705 21 DIES PER DESCOBRIR-TE: El teu quadern de treball per descobrir-te a tu mateix. &#8211; \u2705 Desenvolupament personal enfocat a esdevenir la MILLOR VERSI\u00d3 d&#8217;un mateix. Amb aquest repte de 21 dies, aprendr\u00e0s cada dia coses noves que t&#8217;ajudaran a crear un COMPORTAMENT POSITIU. En fer-ho, est\u00e0s fent alguna cosa BO per a [&hellip;]<\/p>\n","protected":false},"featured_media":375,"comment_status":"open","ping_status":"closed","template":"","meta":[],"product_brand":[],"product_cat":[15],"product_tag":[],"class_list":{"0":"post-376","1":"product","2":"type-product","3":"status-publish","4":"has-post-thumbnail","6":"product_cat-sin-categorizar","8":"first","9":"instock","10":"taxable","11":"shipping-taxable","12":"product-type-external"},"jetpack_sharing_enabled":true,"_links":{"self":[{"href":"https:\/\/casadelllibre.anamarnatural.com\/index.php\/wp-json\/wp\/v2\/product\/376","targetHints":{"allow":["GET"]}}],"collection":[{"href":"https:\/\/casadelllibre.anamarnatural.com\/index.php\/wp-json\/wp\/v2\/product"}],"about":[{"href":"https:\/\/casadelllibre.anamarnatural.com\/index.php\/wp-json\/wp\/v2\/types\/product"}],"replies":[{"embeddable":true,"href":"https:\/\/casadelllibre.anamarnatural.com\/index.php\/wp-json\/wp\/v2\/comments?post=376"}],"wp:featuredmedia":[{"embeddable":true,"href":"https:\/\/casadelllibre.anamarnatural.com\/index.php\/wp-json\/wp\/v2\/media\/375"}],"wp:attachment":[{"href":"https:\/\/casadelllibre.anamarnatural.com\/index.php\/wp-json\/wp\/v2\/media?parent=376"}],"wp:term":[{"taxonomy":"product_brand","embeddable":true,"href":"https:\/\/casadelllibre.anamarnatural.com\/index.php\/wp-json\/wp\/v2\/product_brand?post=376"},{"taxonomy":"product_cat","embeddable":true,"href":"https:\/\/casadelllibre.anamarnatural.com\/index.php\/wp-json\/wp\/v2\/product_cat?post=376"},{"taxonomy":"product_tag","embeddable":true,"href":"https:\/\/casadelllibre.anamarnatural.com\/index.php\/wp-json\/wp\/v2\/product_tag?post=376"}],"curies":[{"name":"wp","href":"https:\/\/api.w.org\/{rel}","templated":true}]}}