{"id":378,"date":"2023-04-27T13:01:38","date_gmt":"2023-04-27T13:01:38","guid":{"rendered":"https:\/\/casadelllibre.anamarnatural.com\/index.php\/producto\/receptari-personalitzat-cuina-recetario-en-blanco-personalizado-con-tu-nombre-para-escribir-94-recetas-en-tu-idioma-castellano-catala-euskera-galego-tapa-dura-a5\/"},"modified":"2023-11-06T03:04:11","modified_gmt":"2023-11-06T03:04:11","slug":"receptari-personalitzat-cuina-recetario-en-blanco-personalizado-con-tu-nombre-para-escribir-94-recetas-en-tu-idioma-castellano-catala-euskera-galego-tapa-dura-a5","status":"publish","type":"product","link":"https:\/\/casadelllibre.anamarnatural.com\/index.php\/producto\/receptari-personalitzat-cuina-recetario-en-blanco-personalizado-con-tu-nombre-para-escribir-94-recetas-en-tu-idioma-castellano-catala-euskera-galego-tapa-dura-a5\/","title":{"rendered":"Receptari personalitzat cuina | Recetario en blanco personalizado con tu nombre para escribir 94 recetas en tu idioma | Castellano catal\u00e0 euskera galego | Tapa dura A5"},"content":{"rendered":"<p>&#8211; \ud83c\udf1f TELA DE ALGOD\u00d3N | Alta calidad + Biodegradable<br \/>\n&#8211; \ud83d\udcda ENCUADERNACI\u00d3N DE TAPA DURA | Resistencia + Durabilidad<br \/>\n&#8211; \ud83d\udccd PRODUCCI\u00d3N LOCAL &#8211; Fabricado a mano en nuestro propio taller (Castell\u00f3n, Espa\u00f1a).<br \/>\n&#8211; \ud83d\udd90 PRODUCTO ARTESANO &#8211; Dise\u00f1o, edici\u00f3n y elaboraci\u00f3n de j\u00f3venes emprendedores. Realizado mediante t\u00e9cnicas de encuadernaci\u00f3n artesanal. Conoce nuestro trabajo pinchando en la foto de artesano de SPHINGE.<br \/>\n&#8211; \u2757 Importante: Por ser un trabajo artesanal y fabricado de forma individual, no tenemos la obligaci\u00f3n de aceptar cambios o devoluciones de libros con inscripci\u00f3n personalizada.<\/p>\n","protected":false},"excerpt":{"rendered":"<p>&#8211; \ud83c\udf1f TELA DE ALGOD\u00d3N | Alta calidad + Biodegradable &#8211; \ud83d\udcda ENCUADERNACI\u00d3N DE TAPA DURA | Resistencia + Durabilidad &#8211; \ud83d\udccd PRODUCCI\u00d3N LOCAL &#8211; Fabricado a mano en nuestro propio taller (Castell\u00f3n, Espa\u00f1a). &#8211; \ud83d\udd90 PRODUCTO ARTESANO &#8211; Dise\u00f1o, edici\u00f3n y elaboraci\u00f3n de j\u00f3venes emprendedores. Realizado mediante t\u00e9cnicas de encuadernaci\u00f3n artesanal. Conoce nuestro trabajo [&hellip;]<\/p>\n","protected":false},"featured_media":377,"comment_status":"open","ping_status":"closed","template":"","meta":[],"product_brand":[],"product_cat":[15],"product_tag":[],"class_list":{"0":"post-378","1":"product","2":"type-product","3":"status-publish","4":"has-post-thumbnail","6":"product_cat-sin-categorizar","8":"first","9":"instock","10":"taxable","11":"shipping-taxable","12":"product-type-external"},"jetpack_sharing_enabled":true,"_links":{"self":[{"href":"https:\/\/casadelllibre.anamarnatural.com\/index.php\/wp-json\/wp\/v2\/product\/378","targetHints":{"allow":["GET"]}}],"collection":[{"href":"https:\/\/casadelllibre.anamarnatural.com\/index.php\/wp-json\/wp\/v2\/product"}],"about":[{"href":"https:\/\/casadelllibre.anamarnatural.com\/index.php\/wp-json\/wp\/v2\/types\/product"}],"replies":[{"embeddable":true,"href":"https:\/\/casadelllibre.anamarnatural.com\/index.php\/wp-json\/wp\/v2\/comments?post=378"}],"wp:featuredmedia":[{"embeddable":true,"href":"https:\/\/casadelllibre.anamarnatural.com\/index.php\/wp-json\/wp\/v2\/media\/377"}],"wp:attachment":[{"href":"https:\/\/casadelllibre.anamarnatural.com\/index.php\/wp-json\/wp\/v2\/media?parent=378"}],"wp:term":[{"taxonomy":"product_brand","embeddable":true,"href":"https:\/\/casadelllibre.anamarnatural.com\/index.php\/wp-json\/wp\/v2\/product_brand?post=378"},{"taxonomy":"product_cat","embeddable":true,"href":"https:\/\/casadelllibre.anamarnatural.com\/index.php\/wp-json\/wp\/v2\/product_cat?post=378"},{"taxonomy":"product_tag","embeddable":true,"href":"https:\/\/casadelllibre.anamarnatural.com\/index.php\/wp-json\/wp\/v2\/product_tag?post=378"}],"curies":[{"name":"wp","href":"https:\/\/api.w.org\/{rel}","templated":true}]}}