{"id":418,"date":"2023-04-29T00:02:15","date_gmt":"2023-04-29T00:02:15","guid":{"rendered":"https:\/\/casadelllibre.anamarnatural.com\/index.php\/producto\/contes-per-capgirar-el-mon-un-llibre-infantil-en-catala-per-a-nenes-i-nens-que-volen-canviar-el-mon-quatre-histories-inspiradores-sobre-la-a-la-natura-el-respecte-a-la-diversitat\/"},"modified":"2023-11-06T09:05:10","modified_gmt":"2023-11-06T09:05:10","slug":"contes-per-capgirar-el-mon-un-llibre-infantil-en-catala-per-a-nenes-i-nens-que-volen-canviar-el-mon-quatre-histories-inspiradores-sobre-la-a-la-natura-el-respecte-a-la-diversitat","status":"publish","type":"product","link":"https:\/\/casadelllibre.anamarnatural.com\/index.php\/producto\/contes-per-capgirar-el-mon-un-llibre-infantil-en-catala-per-a-nenes-i-nens-que-volen-canviar-el-mon-quatre-histories-inspiradores-sobre-la-a-la-natura-el-respecte-a-la-diversitat\/","title":{"rendered":"Contes per capgirar el m\u00f3n: Un llibre infantil en catal\u00e0 per a nenes i nens que volen canviar el m\u00f3n. Quatre hist\u00f2ries inspiradores sobre la &#8230; a la natura, el respecte a la diversitat."},"content":{"rendered":"","protected":false},"excerpt":{"rendered":"","protected":false},"featured_media":417,"comment_status":"open","ping_status":"closed","template":"","meta":[],"product_brand":[],"product_cat":[15],"product_tag":[],"class_list":{"0":"post-418","1":"product","2":"type-product","3":"status-publish","4":"has-post-thumbnail","6":"product_cat-sin-categorizar","8":"first","9":"instock","10":"taxable","11":"shipping-taxable","12":"product-type-external"},"jetpack_sharing_enabled":true,"_links":{"self":[{"href":"https:\/\/casadelllibre.anamarnatural.com\/index.php\/wp-json\/wp\/v2\/product\/418","targetHints":{"allow":["GET"]}}],"collection":[{"href":"https:\/\/casadelllibre.anamarnatural.com\/index.php\/wp-json\/wp\/v2\/product"}],"about":[{"href":"https:\/\/casadelllibre.anamarnatural.com\/index.php\/wp-json\/wp\/v2\/types\/product"}],"replies":[{"embeddable":true,"href":"https:\/\/casadelllibre.anamarnatural.com\/index.php\/wp-json\/wp\/v2\/comments?post=418"}],"wp:featuredmedia":[{"embeddable":true,"href":"https:\/\/casadelllibre.anamarnatural.com\/index.php\/wp-json\/wp\/v2\/media\/417"}],"wp:attachment":[{"href":"https:\/\/casadelllibre.anamarnatural.com\/index.php\/wp-json\/wp\/v2\/media?parent=418"}],"wp:term":[{"taxonomy":"product_brand","embeddable":true,"href":"https:\/\/casadelllibre.anamarnatural.com\/index.php\/wp-json\/wp\/v2\/product_brand?post=418"},{"taxonomy":"product_cat","embeddable":true,"href":"https:\/\/casadelllibre.anamarnatural.com\/index.php\/wp-json\/wp\/v2\/product_cat?post=418"},{"taxonomy":"product_tag","embeddable":true,"href":"https:\/\/casadelllibre.anamarnatural.com\/index.php\/wp-json\/wp\/v2\/product_tag?post=418"}],"curies":[{"name":"wp","href":"https:\/\/api.w.org\/{rel}","templated":true}]}}