{"id":438,"date":"2023-04-29T11:01:32","date_gmt":"2023-04-29T11:01:32","guid":{"rendered":"https:\/\/casadelllibre.anamarnatural.com\/index.php\/producto\/el-mon-dels-dinosaures-explicat-per-a-nens-llibre-per-aprendre-sobre-els-animals-prehistorics-que-van-viure-durant-el-triasic-jurassic-i-cretaci-llibres-infantils-en-catala\/"},"modified":"2024-09-06T17:03:06","modified_gmt":"2024-09-06T17:03:06","slug":"el-mon-dels-dinosaures-explicat-per-a-nens-llibre-per-aprendre-sobre-els-animals-prehistorics-que-van-viure-durant-el-triasic-jurassic-i-cretaci-llibres-infantils-en-catala","status":"publish","type":"product","link":"https:\/\/casadelllibre.anamarnatural.com\/index.php\/producto\/el-mon-dels-dinosaures-explicat-per-a-nens-llibre-per-aprendre-sobre-els-animals-prehistorics-que-van-viure-durant-el-triasic-jurassic-i-cretaci-llibres-infantils-en-catala\/","title":{"rendered":"El M\u00f3n dels Dinosaures Explicat per a Nens: Llibre per aprendre sobre els animals prehist\u00f2rics que van viure durant el Tri\u00e0sic, Jur\u00e0ssic i Cretaci (Llibres Infantils en Catal\u00e0)"},"content":{"rendered":"","protected":false},"excerpt":{"rendered":"","protected":false},"featured_media":437,"comment_status":"open","ping_status":"closed","template":"","meta":[],"product_brand":[],"product_cat":[15],"product_tag":[],"class_list":{"0":"post-438","1":"product","2":"type-product","3":"status-publish","4":"has-post-thumbnail","6":"product_cat-sin-categorizar","8":"first","9":"instock","10":"taxable","11":"shipping-taxable","12":"product-type-external"},"jetpack_sharing_enabled":true,"_links":{"self":[{"href":"https:\/\/casadelllibre.anamarnatural.com\/index.php\/wp-json\/wp\/v2\/product\/438","targetHints":{"allow":["GET"]}}],"collection":[{"href":"https:\/\/casadelllibre.anamarnatural.com\/index.php\/wp-json\/wp\/v2\/product"}],"about":[{"href":"https:\/\/casadelllibre.anamarnatural.com\/index.php\/wp-json\/wp\/v2\/types\/product"}],"replies":[{"embeddable":true,"href":"https:\/\/casadelllibre.anamarnatural.com\/index.php\/wp-json\/wp\/v2\/comments?post=438"}],"wp:featuredmedia":[{"embeddable":true,"href":"https:\/\/casadelllibre.anamarnatural.com\/index.php\/wp-json\/wp\/v2\/media\/437"}],"wp:attachment":[{"href":"https:\/\/casadelllibre.anamarnatural.com\/index.php\/wp-json\/wp\/v2\/media?parent=438"}],"wp:term":[{"taxonomy":"product_brand","embeddable":true,"href":"https:\/\/casadelllibre.anamarnatural.com\/index.php\/wp-json\/wp\/v2\/product_brand?post=438"},{"taxonomy":"product_cat","embeddable":true,"href":"https:\/\/casadelllibre.anamarnatural.com\/index.php\/wp-json\/wp\/v2\/product_cat?post=438"},{"taxonomy":"product_tag","embeddable":true,"href":"https:\/\/casadelllibre.anamarnatural.com\/index.php\/wp-json\/wp\/v2\/product_tag?post=438"}],"curies":[{"name":"wp","href":"https:\/\/api.w.org\/{rel}","templated":true}]}}