{"id":476,"date":"2023-05-02T05:01:37","date_gmt":"2023-05-02T05:01:37","guid":{"rendered":"https:\/\/casadelllibre.anamarnatural.com\/index.php\/producto\/llibre-de-receptes-en-blanc-llibreta-de-cuina-per-escriure-les-teves-receptes-preferides-amb-index-personalitzable-120-pagines-numerades-idea-de-als-amants-de-la-cuina-receptari-en-catala\/"},"modified":"2024-09-07T02:02:29","modified_gmt":"2024-09-07T02:02:29","slug":"llibre-de-receptes-en-blanc-llibreta-de-cuina-per-escriure-les-teves-receptes-preferides-amb-index-personalitzable-120-pagines-numerades-idea-de-als-amants-de-la-cuina-receptari-en-catala","status":"publish","type":"product","link":"https:\/\/casadelllibre.anamarnatural.com\/index.php\/producto\/llibre-de-receptes-en-blanc-llibreta-de-cuina-per-escriure-les-teves-receptes-preferides-amb-index-personalitzable-120-pagines-numerades-idea-de-als-amants-de-la-cuina-receptari-en-catala\/","title":{"rendered":"Llibre de Receptes en Blanc: Llibreta de Cuina per Escriure les Teves Receptes Preferides amb \u00cdndex Personalitzable, 120 P\u00e0gines Numerades, Idea de &#8230; als Amants de la Cuina, Receptari en catal\u00e0"},"content":{"rendered":"","protected":false},"excerpt":{"rendered":"","protected":false},"featured_media":475,"comment_status":"open","ping_status":"closed","template":"","meta":[],"product_brand":[],"product_cat":[15],"product_tag":[],"class_list":{"0":"post-476","1":"product","2":"type-product","3":"status-publish","4":"has-post-thumbnail","6":"product_cat-sin-categorizar","8":"first","9":"instock","10":"taxable","11":"shipping-taxable","12":"product-type-external"},"jetpack_sharing_enabled":true,"_links":{"self":[{"href":"https:\/\/casadelllibre.anamarnatural.com\/index.php\/wp-json\/wp\/v2\/product\/476","targetHints":{"allow":["GET"]}}],"collection":[{"href":"https:\/\/casadelllibre.anamarnatural.com\/index.php\/wp-json\/wp\/v2\/product"}],"about":[{"href":"https:\/\/casadelllibre.anamarnatural.com\/index.php\/wp-json\/wp\/v2\/types\/product"}],"replies":[{"embeddable":true,"href":"https:\/\/casadelllibre.anamarnatural.com\/index.php\/wp-json\/wp\/v2\/comments?post=476"}],"wp:featuredmedia":[{"embeddable":true,"href":"https:\/\/casadelllibre.anamarnatural.com\/index.php\/wp-json\/wp\/v2\/media\/475"}],"wp:attachment":[{"href":"https:\/\/casadelllibre.anamarnatural.com\/index.php\/wp-json\/wp\/v2\/media?parent=476"}],"wp:term":[{"taxonomy":"product_brand","embeddable":true,"href":"https:\/\/casadelllibre.anamarnatural.com\/index.php\/wp-json\/wp\/v2\/product_brand?post=476"},{"taxonomy":"product_cat","embeddable":true,"href":"https:\/\/casadelllibre.anamarnatural.com\/index.php\/wp-json\/wp\/v2\/product_cat?post=476"},{"taxonomy":"product_tag","embeddable":true,"href":"https:\/\/casadelllibre.anamarnatural.com\/index.php\/wp-json\/wp\/v2\/product_tag?post=476"}],"curies":[{"name":"wp","href":"https:\/\/api.w.org\/{rel}","templated":true}]}}