{"id":508,"date":"2023-05-05T06:01:51","date_gmt":"2023-05-05T06:01:51","guid":{"rendered":"https:\/\/casadelllibre.anamarnatural.com\/index.php\/producto\/etiquetes-adhesives-per-al-reciclatge-descombraries-en-catala-pack-de-5-adhesius-kawaii-a-color-per-reciclar-i-gestio-de-residus-vidre-plastic-paper-organic-tamany-de-de-10-x-65-cm\/"},"modified":"2025-06-04T01:00:38","modified_gmt":"2025-06-04T01:00:38","slug":"etiquetes-adhesives-per-al-reciclatge-descombraries-en-catala-pack-de-5-adhesius-kawaii-a-color-per-reciclar-i-gestio-de-residus-vidre-plastic-paper-organic-tamany-de-de-10-x-65-cm","status":"publish","type":"product","link":"https:\/\/casadelllibre.anamarnatural.com\/index.php\/producto\/etiquetes-adhesives-per-al-reciclatge-descombraries-en-catala-pack-de-5-adhesius-kawaii-a-color-per-reciclar-i-gestio-de-residus-vidre-plastic-paper-organic-tamany-de-de-10-x-65-cm\/","title":{"rendered":"Etiquetes Adhesives per al Reciclatge d&#8217;Escombraries en Catal\u00e0. Pack de 5 Adhesius Kawaii a color per reciclar i gesti\u00f3 de residus &#8211; Vidre, Pl\u00e0stic, Paper, Org\u00e0nic &#8211; Tamany de de 10 x 6,5 cm"},"content":{"rendered":"<p>&#8211; \u267b\ufe0f SET de 5 enganxines de reciclatge diferentes per la gesti\u00f3 de residus als cubs d&#8217;escombraries<br \/>\n&#8211; \ud83d\uddd1\ufe0f ETIQUETES ADHESIVES per cubells d&#8217;escombraries, de paper, pl\u00e0stic, vidre, org\u00e0nic i la resta<br \/>\n&#8211; \ud83d\udccf TAMANY de 6,5&#215;10 centimetres f\u00e0cils d&#8217;aplicar amb cola super resistent<br \/>\n&#8211; \u2728 BRILLANTS i Boniques: Els textos als stickers estan ben ressaltats facilitar-ne la recollida selectiva.<br \/>\n&#8211; \u2714\ufe0f COLA D&#8217;ALTA ADHERENCIA per asegurar m\u00e0xima compatibilitat<br \/>\n&#8211; \ud83d\udcd7 Mini Guia de reciclatge en mida A6 en Catal\u00e0 per a nens inclosa<\/p>\n","protected":false},"excerpt":{"rendered":"<p>&#8211; \u267b\ufe0f SET de 5 enganxines de reciclatge diferentes per la gesti\u00f3 de residus als cubs d&#8217;escombraries &#8211; \ud83d\uddd1\ufe0f ETIQUETES ADHESIVES per cubells d&#8217;escombraries, de paper, pl\u00e0stic, vidre, org\u00e0nic i la resta &#8211; \ud83d\udccf TAMANY de 6,5&#215;10 centimetres f\u00e0cils d&#8217;aplicar amb cola super resistent &#8211; \u2728 BRILLANTS i Boniques: Els textos als stickers estan ben [&hellip;]<\/p>\n","protected":false},"featured_media":507,"comment_status":"open","ping_status":"closed","template":"","meta":[],"product_brand":[],"product_cat":[15],"product_tag":[],"class_list":{"0":"post-508","1":"product","2":"type-product","3":"status-publish","4":"has-post-thumbnail","6":"product_cat-sin-categorizar","8":"first","9":"instock","10":"taxable","11":"shipping-taxable","12":"product-type-external"},"jetpack_sharing_enabled":true,"_links":{"self":[{"href":"https:\/\/casadelllibre.anamarnatural.com\/index.php\/wp-json\/wp\/v2\/product\/508","targetHints":{"allow":["GET"]}}],"collection":[{"href":"https:\/\/casadelllibre.anamarnatural.com\/index.php\/wp-json\/wp\/v2\/product"}],"about":[{"href":"https:\/\/casadelllibre.anamarnatural.com\/index.php\/wp-json\/wp\/v2\/types\/product"}],"replies":[{"embeddable":true,"href":"https:\/\/casadelllibre.anamarnatural.com\/index.php\/wp-json\/wp\/v2\/comments?post=508"}],"wp:featuredmedia":[{"embeddable":true,"href":"https:\/\/casadelllibre.anamarnatural.com\/index.php\/wp-json\/wp\/v2\/media\/507"}],"wp:attachment":[{"href":"https:\/\/casadelllibre.anamarnatural.com\/index.php\/wp-json\/wp\/v2\/media?parent=508"}],"wp:term":[{"taxonomy":"product_brand","embeddable":true,"href":"https:\/\/casadelllibre.anamarnatural.com\/index.php\/wp-json\/wp\/v2\/product_brand?post=508"},{"taxonomy":"product_cat","embeddable":true,"href":"https:\/\/casadelllibre.anamarnatural.com\/index.php\/wp-json\/wp\/v2\/product_cat?post=508"},{"taxonomy":"product_tag","embeddable":true,"href":"https:\/\/casadelllibre.anamarnatural.com\/index.php\/wp-json\/wp\/v2\/product_tag?post=508"}],"curies":[{"name":"wp","href":"https:\/\/api.w.org\/{rel}","templated":true}]}}