{"id":701,"date":"2023-05-28T11:01:36","date_gmt":"2023-05-28T11:01:36","guid":{"rendered":"https:\/\/casadelllibre.anamarnatural.com\/index.php\/producto\/memoria-delefant-2-quadern-dactivitats-per-a-segon-de-primaria-quadern-dactivitats-per-a-nens-de-6-a-7-anys-segon-de-primaria-quadern-quadern-dentreteniment-per-a-les-vacances\/"},"modified":"2025-06-03T13:00:42","modified_gmt":"2025-06-03T13:00:42","slug":"memoria-delefant-2-quadern-dactivitats-per-a-segon-de-primaria-quadern-dactivitats-per-a-nens-de-6-a-7-anys-segon-de-primaria-quadern-quadern-dentreteniment-per-a-les-vacances","status":"publish","type":"product","link":"https:\/\/casadelllibre.anamarnatural.com\/index.php\/producto\/memoria-delefant-2-quadern-dactivitats-per-a-segon-de-primaria-quadern-dactivitats-per-a-nens-de-6-a-7-anys-segon-de-primaria-quadern-quadern-dentreteniment-per-a-les-vacances\/","title":{"rendered":"Mem\u00f2ria D&#8217;elefant 2: Quadern d&#8217;activitats per A Segon De Prim\u00e0ria: Quadern d&#8217;activitats per a nens de 6 a 7 anys: segon de prim\u00e0ria: Quadern &#8230; (Quadern d&#8217;entreteniment per a les vacances)"},"content":{"rendered":"","protected":false},"excerpt":{"rendered":"","protected":false},"featured_media":700,"comment_status":"open","ping_status":"closed","template":"","meta":[],"product_brand":[],"product_cat":[15],"product_tag":[],"class_list":{"0":"post-701","1":"product","2":"type-product","3":"status-publish","4":"has-post-thumbnail","6":"product_cat-sin-categorizar","8":"first","9":"instock","10":"taxable","11":"shipping-taxable","12":"product-type-external"},"jetpack_sharing_enabled":true,"_links":{"self":[{"href":"https:\/\/casadelllibre.anamarnatural.com\/index.php\/wp-json\/wp\/v2\/product\/701","targetHints":{"allow":["GET"]}}],"collection":[{"href":"https:\/\/casadelllibre.anamarnatural.com\/index.php\/wp-json\/wp\/v2\/product"}],"about":[{"href":"https:\/\/casadelllibre.anamarnatural.com\/index.php\/wp-json\/wp\/v2\/types\/product"}],"replies":[{"embeddable":true,"href":"https:\/\/casadelllibre.anamarnatural.com\/index.php\/wp-json\/wp\/v2\/comments?post=701"}],"wp:featuredmedia":[{"embeddable":true,"href":"https:\/\/casadelllibre.anamarnatural.com\/index.php\/wp-json\/wp\/v2\/media\/700"}],"wp:attachment":[{"href":"https:\/\/casadelllibre.anamarnatural.com\/index.php\/wp-json\/wp\/v2\/media?parent=701"}],"wp:term":[{"taxonomy":"product_brand","embeddable":true,"href":"https:\/\/casadelllibre.anamarnatural.com\/index.php\/wp-json\/wp\/v2\/product_brand?post=701"},{"taxonomy":"product_cat","embeddable":true,"href":"https:\/\/casadelllibre.anamarnatural.com\/index.php\/wp-json\/wp\/v2\/product_cat?post=701"},{"taxonomy":"product_tag","embeddable":true,"href":"https:\/\/casadelllibre.anamarnatural.com\/index.php\/wp-json\/wp\/v2\/product_tag?post=701"}],"curies":[{"name":"wp","href":"https:\/\/api.w.org\/{rel}","templated":true}]}}