{"id":773,"date":"2023-06-08T13:02:33","date_gmt":"2023-06-08T13:02:33","guid":{"rendered":"https:\/\/casadelllibre.anamarnatural.com\/index.php\/producto\/la-isadora-moon-i-la-sirena-magica-grans-histories-de-la-isadora-moon-5-un-llibre-magic-amb-purpurina-a-la-coberta-harriet-muncaster\/"},"modified":"2023-11-05T02:04:16","modified_gmt":"2023-11-05T02:04:16","slug":"la-isadora-moon-i-la-sirena-magica-grans-histories-de-la-isadora-moon-5-un-llibre-magic-amb-purpurina-a-la-coberta-harriet-muncaster","status":"publish","type":"product","link":"https:\/\/casadelllibre.anamarnatural.com\/index.php\/producto\/la-isadora-moon-i-la-sirena-magica-grans-histories-de-la-isadora-moon-5-un-llibre-magic-amb-purpurina-a-la-coberta-harriet-muncaster\/","title":{"rendered":"La Isadora Moon i la sirena m\u00e0gica (Grans hist\u00f2ries de la Isadora Moon 5): Un llibre m\u00e0gic amb purpurina a la coberta! (Harriet Muncaster)"},"content":{"rendered":"<p>&#8211; La Isadora Moon i la sirena m\u00e0gica (Grans hist\u00f2ries de la Isadora Moon 5): Un llibre m\u00e0gic amb purpurina a la coberta! (Harriet Muncaster)<\/p>\n","protected":false},"excerpt":{"rendered":"<p>&#8211; La Isadora Moon i la sirena m\u00e0gica (Grans hist\u00f2ries de la Isadora Moon 5): Un llibre m\u00e0gic amb purpurina a la coberta! (Harriet Muncaster)<\/p>\n","protected":false},"featured_media":772,"comment_status":"open","ping_status":"closed","template":"","meta":[],"product_brand":[],"product_cat":[15],"product_tag":[],"class_list":{"0":"post-773","1":"product","2":"type-product","3":"status-publish","4":"has-post-thumbnail","6":"product_cat-sin-categorizar","8":"first","9":"instock","10":"sale","11":"taxable","12":"shipping-taxable","13":"product-type-external"},"jetpack_sharing_enabled":true,"_links":{"self":[{"href":"https:\/\/casadelllibre.anamarnatural.com\/index.php\/wp-json\/wp\/v2\/product\/773","targetHints":{"allow":["GET"]}}],"collection":[{"href":"https:\/\/casadelllibre.anamarnatural.com\/index.php\/wp-json\/wp\/v2\/product"}],"about":[{"href":"https:\/\/casadelllibre.anamarnatural.com\/index.php\/wp-json\/wp\/v2\/types\/product"}],"replies":[{"embeddable":true,"href":"https:\/\/casadelllibre.anamarnatural.com\/index.php\/wp-json\/wp\/v2\/comments?post=773"}],"wp:featuredmedia":[{"embeddable":true,"href":"https:\/\/casadelllibre.anamarnatural.com\/index.php\/wp-json\/wp\/v2\/media\/772"}],"wp:attachment":[{"href":"https:\/\/casadelllibre.anamarnatural.com\/index.php\/wp-json\/wp\/v2\/media?parent=773"}],"wp:term":[{"taxonomy":"product_brand","embeddable":true,"href":"https:\/\/casadelllibre.anamarnatural.com\/index.php\/wp-json\/wp\/v2\/product_brand?post=773"},{"taxonomy":"product_cat","embeddable":true,"href":"https:\/\/casadelllibre.anamarnatural.com\/index.php\/wp-json\/wp\/v2\/product_cat?post=773"},{"taxonomy":"product_tag","embeddable":true,"href":"https:\/\/casadelllibre.anamarnatural.com\/index.php\/wp-json\/wp\/v2\/product_tag?post=773"}],"curies":[{"name":"wp","href":"https:\/\/api.w.org\/{rel}","templated":true}]}}